{"id":6169,"date":"2026-04-16T10:28:38","date_gmt":"2026-04-16T08:28:38","guid":{"rendered":"https:\/\/www.climed.tn\/?post_type=product&#038;p=6169"},"modified":"2026-04-16T10:28:38","modified_gmt":"2026-04-16T08:28:38","slug":"th20-transmetteur-dhumidite-relative-de-temperature","status":"publish","type":"product","link":"https:\/\/www.climed.tn\/?product=th20-transmetteur-dhumidite-relative-de-temperature","title":{"rendered":"TH20 : Transmetteur d\u2019humidit\u00e9 relative et de temp\u00e9rature"},"content":{"rendered":"<p>Pr\u00e9cision de pointe : \u00b12%HR<br \/>\nSorties 0-10 V ou 4-20 mA<br \/>\nOuvert \u00e0 tout EMS \/ BMS<br \/>\nBo\u00eetier IP54 compact<\/p>\n","protected":false},"excerpt":{"rendered":"<p>La pr\u00e9cision partout <\/p>\n<p>Les transmetteurs TH20  mesurent la temp\u00e9rature de -20 \u00e0 60\u00b0C et l\u2019hygrom\u00e9trie de 0 \u00e0 100 %HR dans l\u2019air ambiant ou en gaine.<\/p>\n<p>Disponibles en version murale ou avec sonde arri\u00e8re, ils s&#8217;adaptent aux diff\u00e9rentes configurations des installations et r\u00e9pondent aux attentes des int\u00e9grateurs en mati\u00e8re d&#8217;encombrement, de simplicit\u00e9 de mise en \u0153uvre et de ma\u00eetrise des co\u00fbts. <\/p>\n","protected":false},"featured_media":6170,"template":"","meta":[],"product_brand":[],"product_cat":[120,121],"product_tag":[],"class_list":{"0":"post-6169","1":"product","2":"type-product","3":"status-publish","4":"has-post-thumbnail","6":"product_cat-capteurs","7":"product_cat-capteurs-de-pression","9":"first","10":"instock","11":"shipping-taxable","12":"product-type-simple"},"_links":{"self":[{"href":"https:\/\/www.climed.tn\/index.php?rest_route=\/wp\/v2\/product\/6169","targetHints":{"allow":["GET"]}}],"collection":[{"href":"https:\/\/www.climed.tn\/index.php?rest_route=\/wp\/v2\/product"}],"about":[{"href":"https:\/\/www.climed.tn\/index.php?rest_route=\/wp\/v2\/types\/product"}],"wp:featuredmedia":[{"embeddable":true,"href":"https:\/\/www.climed.tn\/index.php?rest_route=\/wp\/v2\/media\/6170"}],"wp:attachment":[{"href":"https:\/\/www.climed.tn\/index.php?rest_route=%2Fwp%2Fv2%2Fmedia&parent=6169"}],"wp:term":[{"taxonomy":"product_brand","embeddable":true,"href":"https:\/\/www.climed.tn\/index.php?rest_route=%2Fwp%2Fv2%2Fproduct_brand&post=6169"},{"taxonomy":"product_cat","embeddable":true,"href":"https:\/\/www.climed.tn\/index.php?rest_route=%2Fwp%2Fv2%2Fproduct_cat&post=6169"},{"taxonomy":"product_tag","embeddable":true,"href":"https:\/\/www.climed.tn\/index.php?rest_route=%2Fwp%2Fv2%2Fproduct_tag&post=6169"}],"curies":[{"name":"wp","href":"https:\/\/api.w.org\/{rel}","templated":true}]}}