{"id":6162,"date":"2026-04-16T10:08:48","date_gmt":"2026-04-16T08:08:48","guid":{"rendered":"https:\/\/www.climed.tn\/?post_type=product&#038;p=6162"},"modified":"2026-04-16T10:08:48","modified_gmt":"2026-04-16T08:08:48","slug":"cp20-transmetteur-de-pression-differentielle","status":"publish","type":"product","link":"https:\/\/www.climed.tn\/?product=cp20-transmetteur-de-pression-differentielle","title":{"rendered":"CP20 : Transmetteur de pression diff\u00e9rentielle"},"content":{"rendered":"<p>Pr\u00e9cision de pointe<br \/>\nBo\u00eetier IP54 robuste<br \/>\nOuvert \u00e0 tout EMS \/ BMS<br \/>\nSorties 0-10 V ou 4-20 mA<\/p>\n","protected":false},"excerpt":{"rendered":"<p>La pr\u00e9cision partout <\/p>\n<p>Les transmetteurs CP20 mesurent la pression diff\u00e9rentielle avec pr\u00e9cision et une stabilit\u00e9 maximale. Ils s\u2019int\u00e8grent facilement dans les espaces les plus limit\u00e9s gr\u00e2ce \u00e0 leur format compact et leur compatibilit\u00e9 avec la majorit\u00e9 des syst\u00e8mes de contr\u00f4le et de supervision. Ils offrent \u00e9galement un rapport performance-prix unique sur le march\u00e9 ainsi qu&#8217;une robustesse assurant une fiabilit\u00e9 \u00e0 long terme. <\/p>\n<p>Les transmetteurs CP21 mesurent la pression diff\u00e9rentielle de -250 \u00e0 250 Pa, les CP22 de 0 \u00e0 2500 Pa et les CP23 de 0 \u00e0 5000 Pa.<\/p>\n","protected":false},"featured_media":6163,"template":"","meta":[],"product_brand":[],"product_cat":[120,121],"product_tag":[],"class_list":{"0":"post-6162","1":"product","2":"type-product","3":"status-publish","4":"has-post-thumbnail","6":"product_cat-capteurs","7":"product_cat-capteurs-de-pression","9":"first","10":"instock","11":"shipping-taxable","12":"product-type-simple"},"_links":{"self":[{"href":"https:\/\/www.climed.tn\/index.php?rest_route=\/wp\/v2\/product\/6162","targetHints":{"allow":["GET"]}}],"collection":[{"href":"https:\/\/www.climed.tn\/index.php?rest_route=\/wp\/v2\/product"}],"about":[{"href":"https:\/\/www.climed.tn\/index.php?rest_route=\/wp\/v2\/types\/product"}],"wp:featuredmedia":[{"embeddable":true,"href":"https:\/\/www.climed.tn\/index.php?rest_route=\/wp\/v2\/media\/6163"}],"wp:attachment":[{"href":"https:\/\/www.climed.tn\/index.php?rest_route=%2Fwp%2Fv2%2Fmedia&parent=6162"}],"wp:term":[{"taxonomy":"product_brand","embeddable":true,"href":"https:\/\/www.climed.tn\/index.php?rest_route=%2Fwp%2Fv2%2Fproduct_brand&post=6162"},{"taxonomy":"product_cat","embeddable":true,"href":"https:\/\/www.climed.tn\/index.php?rest_route=%2Fwp%2Fv2%2Fproduct_cat&post=6162"},{"taxonomy":"product_tag","embeddable":true,"href":"https:\/\/www.climed.tn\/index.php?rest_route=%2Fwp%2Fv2%2Fproduct_tag&post=6162"}],"curies":[{"name":"wp","href":"https:\/\/api.w.org\/{rel}","templated":true}]}}