{"id":6158,"date":"2025-11-10T15:51:53","date_gmt":"2025-11-10T14:51:53","guid":{"rendered":"https:\/\/www.climed.tn\/?post_type=product&#038;p=6158"},"modified":"2025-11-10T15:51:53","modified_gmt":"2025-11-10T14:51:53","slug":"ca-030-lessentiel-de-lanalyse-de-combustion","status":"publish","type":"product","link":"https:\/\/www.climed.tn\/?product=ca-030-lessentiel-de-lanalyse-de-combustion","title":{"rendered":"Si-CA 030 : L\u2019essentiel de l\u2019analyse de combustion"},"content":{"rendered":"<p>Jusqu\u2019\u00e0 trois capteurs de gaz O2, CO et NO (pour les NOx)<br \/>\nArr\u00eat automatique de la pompe en cas de niveaux \u00e9lev\u00e9s de CO<br \/>\nL\u00e9ger, seulement 350 g (12 oz)<br \/>\nMesure du CO jusqu\u2019\u00e0 8000 ppm<br \/>\nEcran couleur<br \/>\nGestion des donn\u00e9es avec enregistrement automatique et cr\u00e9ation de rapports<\/p>\n","protected":false},"excerpt":{"rendered":"<p>Le Si-CA 030 offre tout le n\u00e9cessaire pour les op\u00e9rations de maintenance et de contr\u00f4le des chaudi\u00e8res domestiques et tertiaires, avec connexion sans fil \u00e0 notre application smartphone, et g\u00e9n\u00e9ration automatique des rapports et attestations d\u2019entretien.<\/p>\n","protected":false},"featured_media":6152,"template":"","meta":[],"product_brand":[],"product_cat":[135,134],"product_tag":[],"class_list":{"0":"post-6158","1":"product","2":"type-product","3":"status-publish","4":"has-post-thumbnail","6":"product_cat-analyseurs-de-combustion","7":"product_cat-combustion","9":"first","10":"instock","11":"shipping-taxable","12":"product-type-simple"},"_links":{"self":[{"href":"https:\/\/www.climed.tn\/index.php?rest_route=\/wp\/v2\/product\/6158","targetHints":{"allow":["GET"]}}],"collection":[{"href":"https:\/\/www.climed.tn\/index.php?rest_route=\/wp\/v2\/product"}],"about":[{"href":"https:\/\/www.climed.tn\/index.php?rest_route=\/wp\/v2\/types\/product"}],"wp:featuredmedia":[{"embeddable":true,"href":"https:\/\/www.climed.tn\/index.php?rest_route=\/wp\/v2\/media\/6152"}],"wp:attachment":[{"href":"https:\/\/www.climed.tn\/index.php?rest_route=%2Fwp%2Fv2%2Fmedia&parent=6158"}],"wp:term":[{"taxonomy":"product_brand","embeddable":true,"href":"https:\/\/www.climed.tn\/index.php?rest_route=%2Fwp%2Fv2%2Fproduct_brand&post=6158"},{"taxonomy":"product_cat","embeddable":true,"href":"https:\/\/www.climed.tn\/index.php?rest_route=%2Fwp%2Fv2%2Fproduct_cat&post=6158"},{"taxonomy":"product_tag","embeddable":true,"href":"https:\/\/www.climed.tn\/index.php?rest_route=%2Fwp%2Fv2%2Fproduct_tag&post=6158"}],"curies":[{"name":"wp","href":"https:\/\/api.w.org\/{rel}","templated":true}]}}