{"id":6119,"date":"2025-05-09T12:07:25","date_gmt":"2025-05-09T10:07:25","guid":{"rendered":"https:\/\/www.climed.tn\/?post_type=product&#038;p=6119"},"modified":"2025-05-09T12:21:41","modified_gmt":"2025-05-09T10:21:41","slug":"ate320-afficheur-encastrable","status":"publish","type":"product","link":"https:\/\/www.climed.tn\/?product=ate320-afficheur-encastrable","title":{"rendered":"Si-ATE320 : Afficheur encastrable"},"content":{"rendered":"<p>Affichage de 1 \u00e0 3 param\u00e8tres<br \/>\n\u00c9cran tactile graphique<br \/>\nIP66, r\u00e9sistant au peroxyde d\u2019hydrog\u00e8ne vaporis\u00e9<br \/>\nAlarmes visuelles et sonores<br \/>\nProtocole de communication Modbus RS485<br \/>\n30 unit\u00e9s pr\u00e9programm\u00e9es et configurables<\/p>\n","protected":false},"excerpt":{"rendered":"<p>Les afficheurs encastrables Si-ATE320 sont une bonne solution pour la visualisation des param\u00e8tres mesur\u00e9s par plusieurs capteurs\/transmetteurs dans un seul dispositif d\u2019affichage et, simultan\u00e9ment, transf\u00e9rer ces mesures vers un BMS ou un Scada via modbus RTU.<\/p>\n","protected":false},"featured_media":6120,"template":"","meta":[],"product_brand":[],"product_cat":[120,122],"product_tag":[],"class_list":{"0":"post-6119","1":"product","2":"type-product","3":"status-publish","4":"has-post-thumbnail","6":"product_cat-capteurs","7":"product_cat-capteurs-multifonctions","9":"first","10":"instock","11":"shipping-taxable","12":"product-type-simple"},"_links":{"self":[{"href":"https:\/\/www.climed.tn\/index.php?rest_route=\/wp\/v2\/product\/6119","targetHints":{"allow":["GET"]}}],"collection":[{"href":"https:\/\/www.climed.tn\/index.php?rest_route=\/wp\/v2\/product"}],"about":[{"href":"https:\/\/www.climed.tn\/index.php?rest_route=\/wp\/v2\/types\/product"}],"wp:featuredmedia":[{"embeddable":true,"href":"https:\/\/www.climed.tn\/index.php?rest_route=\/wp\/v2\/media\/6120"}],"wp:attachment":[{"href":"https:\/\/www.climed.tn\/index.php?rest_route=%2Fwp%2Fv2%2Fmedia&parent=6119"}],"wp:term":[{"taxonomy":"product_brand","embeddable":true,"href":"https:\/\/www.climed.tn\/index.php?rest_route=%2Fwp%2Fv2%2Fproduct_brand&post=6119"},{"taxonomy":"product_cat","embeddable":true,"href":"https:\/\/www.climed.tn\/index.php?rest_route=%2Fwp%2Fv2%2Fproduct_cat&post=6119"},{"taxonomy":"product_tag","embeddable":true,"href":"https:\/\/www.climed.tn\/index.php?rest_route=%2Fwp%2Fv2%2Fproduct_tag&post=6119"}],"curies":[{"name":"wp","href":"https:\/\/api.w.org\/{rel}","templated":true}]}}