{"id":6103,"date":"2024-12-05T10:18:18","date_gmt":"2024-12-05T09:18:18","guid":{"rendered":"https:\/\/www.climed.tn\/?post_type=product&#038;p=6103"},"modified":"2024-12-05T10:35:35","modified_gmt":"2024-12-05T09:35:35","slug":"cones-de-debit","status":"publish","type":"product","link":"https:\/\/www.climed.tn\/?product=cones-de-debit","title":{"rendered":"C\u00f4nes de d\u00e9bit"},"content":{"rendered":"<p style=\"line-height: 12.0pt; margin: 3.0pt 0cm 3.0pt 0cm;\">D\u00e9bit en soufflage et extraction<\/p>\n<p style=\"line-height: 12.0pt; margin: 3.0pt 0cm 3.0pt 0cm;\">Pour an\u00e9mom\u00e8tres \u00e0 h\u00e9lice \u00d8100 mm<\/p>\n<p style=\"line-height: 12.0pt; margin: 3.0pt 0cm 3.0pt 0cm;\">Design monobloc compact et facile \u00e0 manier<\/p>\n<p style=\"line-height: 12.0pt; margin: 3.0pt 0cm 3.0pt 0cm;\">Design monobloc compact et facile \u00e0 manier<\/p>\n<p style=\"line-height: 12.0pt; margin: 3.0pt 0cm 3.0pt 0cm;\">Sac de transport et manuel d\u2019utilisation<\/p>\n","protected":false},"excerpt":{"rendered":"<p style=\"line-height: 12.0pt; margin: 3.0pt 0cm 3.0pt 0cm;\">Les Si-K25 et Si-K85 sont des c\u00f4nes de mesure de d\u00e9bit d\u2019air sur bouche, con\u00e7us pour les an\u00e9mom\u00e8tres \u00e0 h\u00e9lice de 100 mm de diam\u00e8tre.<\/p>\n<p style=\"line-height: 12.0pt; margin: 3.0pt 0cm 3.0pt 0cm;\">Les Si-K25 et Si-K85 sont parfaitement adapt\u00e9s aux an\u00e9mom\u00e8tres Kimo <a href=\"https:\/\/sauermanngroup.com\/fr-FR\/node\/78\/\">LV 110<\/a>\u00a0et\u00a0<a href=\"https:\/\/sauermanngroup.com\/fr-FR\/node\/79\/\">LV 130<\/a>,<a href=\"https:\/\/sauermanngroup.com\/fr-FR\/node\/86\/\"> VT 210<\/a>,\u00a0<a href=\"https:\/\/sauermanngroup.com\/fr-FR\/node\/87\/\">MP 210<\/a>\u00a0et\u00a0<a href=\"https:\/\/sauermanngroup.com\/fr-FR\/node\/88\/\">AMI 310<\/a>.<\/p>\n<p style=\"line-height: 12.0pt; margin: 3.0pt 0cm 3.0pt 0cm;\">Le c\u00f4ne carr\u00e9 Si-K85 peut \u00eatre utilis\u00e9 sur des bouches de taille moyenne.<\/p>\n<p style=\"line-height: 12.0pt; margin: 3.0pt 0cm 3.0pt 0cm;\">Le c\u00f4ne circulaire Si-K25 est con\u00e7u pour les bouches de petite et moyenne taille.<\/p>\n","protected":false},"featured_media":6106,"template":"","meta":[],"product_brand":[],"product_cat":[79],"product_tag":[],"class_list":{"0":"post-6103","1":"product","2":"type-product","3":"status-publish","4":"has-post-thumbnail","6":"product_cat-anemometres","8":"first","9":"instock","10":"shipping-taxable","11":"product-type-simple"},"_links":{"self":[{"href":"https:\/\/www.climed.tn\/index.php?rest_route=\/wp\/v2\/product\/6103","targetHints":{"allow":["GET"]}}],"collection":[{"href":"https:\/\/www.climed.tn\/index.php?rest_route=\/wp\/v2\/product"}],"about":[{"href":"https:\/\/www.climed.tn\/index.php?rest_route=\/wp\/v2\/types\/product"}],"wp:featuredmedia":[{"embeddable":true,"href":"https:\/\/www.climed.tn\/index.php?rest_route=\/wp\/v2\/media\/6106"}],"wp:attachment":[{"href":"https:\/\/www.climed.tn\/index.php?rest_route=%2Fwp%2Fv2%2Fmedia&parent=6103"}],"wp:term":[{"taxonomy":"product_brand","embeddable":true,"href":"https:\/\/www.climed.tn\/index.php?rest_route=%2Fwp%2Fv2%2Fproduct_brand&post=6103"},{"taxonomy":"product_cat","embeddable":true,"href":"https:\/\/www.climed.tn\/index.php?rest_route=%2Fwp%2Fv2%2Fproduct_cat&post=6103"},{"taxonomy":"product_tag","embeddable":true,"href":"https:\/\/www.climed.tn\/index.php?rest_route=%2Fwp%2Fv2%2Fproduct_tag&post=6103"}],"curies":[{"name":"wp","href":"https:\/\/api.w.org\/{rel}","templated":true}]}}