{"id":6055,"date":"2023-12-19T15:48:53","date_gmt":"2023-12-19T14:48:53","guid":{"rendered":"https:\/\/www.climed.tn\/?post_type=product&#038;p=6055"},"modified":"2026-04-16T10:57:17","modified_gmt":"2026-04-16T08:57:17","slug":"cpe320-capteur-transmetteur-multifonction-encastrable","status":"publish","type":"product","link":"https:\/\/www.climed.tn\/?product=cpe320-capteur-transmetteur-multifonction-encastrable","title":{"rendered":"Si-CPE320 : Capteur-transmetteur multifonction encastrable"},"content":{"rendered":"<p>1 entr\u00e9e pour sonde externe<br \/>\n\u00c9cran tactile graphique<br \/>\nDiagnostic des sorties<br \/>\n3 sorties analogiques<br \/>\nIP66, r\u00e9sistant au VHP (Peroxyde d\u2019hydrog\u00e8ne vaporis\u00e9)<br \/>\nPossibilit\u00e9 de modifier le nom des voies<\/p>\n","protected":false},"excerpt":{"rendered":"<p>Pour les salles propres, le capteur transmetteur Si-CPE320 est encastrable afin d\u2019avoir un impact minimal sur l\u2019environnement de travail. Il est \u00e9quip\u00e9 d\u2019une face avant \u00e9tanche en inox haute qualit\u00e9, avec un \u00e9cran tactile couleur int\u00e9gr\u00e9.<\/p>\n<p>Equip\u00e9e des m\u00eames technologies que le Si-C320, cette version encastrable apporte une fiabilit\u00e9 et une exactitude de pointe.<\/p>\n<p>En outre, les mesures peuvent \u00eatre enregistr\u00e9es et t\u00e9l\u00e9charg\u00e9es via l\u2019application\/le logiciel Sauermann Control :<br \/>\nT\u00e9l\u00e9chargez le logiciel pour profiter au maximum des capacit\u00e9s de votre appareil.<\/p>\n<p>Si-CPE320 : Module de communication sans fil en option<br \/>\nSi-CPE320-W : Module de communication sans fil int\u00e9gr\u00e9<\/p>\n","protected":false},"featured_media":6056,"template":"","meta":[],"product_brand":[],"product_cat":[120,122],"product_tag":[],"class_list":{"0":"post-6055","1":"product","2":"type-product","3":"status-publish","4":"has-post-thumbnail","6":"product_cat-capteurs","7":"product_cat-capteurs-multifonctions","9":"first","10":"instock","11":"shipping-taxable","12":"product-type-simple"},"_links":{"self":[{"href":"https:\/\/www.climed.tn\/index.php?rest_route=\/wp\/v2\/product\/6055","targetHints":{"allow":["GET"]}}],"collection":[{"href":"https:\/\/www.climed.tn\/index.php?rest_route=\/wp\/v2\/product"}],"about":[{"href":"https:\/\/www.climed.tn\/index.php?rest_route=\/wp\/v2\/types\/product"}],"wp:featuredmedia":[{"embeddable":true,"href":"https:\/\/www.climed.tn\/index.php?rest_route=\/wp\/v2\/media\/6056"}],"wp:attachment":[{"href":"https:\/\/www.climed.tn\/index.php?rest_route=%2Fwp%2Fv2%2Fmedia&parent=6055"}],"wp:term":[{"taxonomy":"product_brand","embeddable":true,"href":"https:\/\/www.climed.tn\/index.php?rest_route=%2Fwp%2Fv2%2Fproduct_brand&post=6055"},{"taxonomy":"product_cat","embeddable":true,"href":"https:\/\/www.climed.tn\/index.php?rest_route=%2Fwp%2Fv2%2Fproduct_cat&post=6055"},{"taxonomy":"product_tag","embeddable":true,"href":"https:\/\/www.climed.tn\/index.php?rest_route=%2Fwp%2Fv2%2Fproduct_tag&post=6055"}],"curies":[{"name":"wp","href":"https:\/\/api.w.org\/{rel}","templated":true}]}}