{"id":6043,"date":"2023-08-18T12:29:17","date_gmt":"2023-08-18T10:29:17","guid":{"rendered":"https:\/\/www.climed.tn\/?post_type=product&#038;p=6043"},"modified":"2023-08-18T13:15:33","modified_gmt":"2023-08-18T11:15:33","slug":"serie-hp-manometres-a-colonne-de-liquide-inclinee","status":"publish","type":"product","link":"https:\/\/www.climed.tn\/?product=serie-hp-manometres-a-colonne-de-liquide-inclinee","title":{"rendered":"S\u00e9rie HP : Manom\u00e8tres \u00e0 colonne de liquide inclin\u00e9e"},"content":{"rendered":"<p><span>Ajustement du z\u00e9ro par d\u00e9placement de la r\u00e9glette mobile<\/span><br \/>\n<span>Niveau \u00e0 bulle int\u00e9gr\u00e9 pour le r\u00e9glage de l&#8217;horizontalit\u00e9<\/span><br \/>\n<span>Grande sensibilit\u00e9 de mesure\u00a0<\/span><br \/>\n<span>Livr\u00e9s avec un support PVC blanc, deux vis et deux chevilles de fixation, deux raccords 487 et un flacon de liquide manom\u00e9trique AWS.10<\/span><\/p>\n","protected":false},"excerpt":{"rendered":"<p><span>Les appareils de la s\u00e9rie\u00a0HP Kimo\u00a0sont des manom\u00e8tres \u00e0 colonne de liquide inclin\u00e9e. Ils sont particuli\u00e8rement recommand\u00e9s pour les mesures de surpression des salles blanches, blocs op\u00e9ratoires, laboratoires, locaux st\u00e9riles, flux laminaires.<\/span><\/p>\n","protected":false},"featured_media":6044,"template":"","meta":[],"product_brand":[],"product_cat":[15,108],"product_tag":[],"class_list":{"0":"post-6043","1":"product","2":"type-product","3":"status-publish","4":"has-post-thumbnail","6":"product_cat-manometres","7":"product_cat-manometres-a-colonne-de-liquide","9":"first","10":"instock","11":"shipping-taxable","12":"product-type-simple"},"_links":{"self":[{"href":"https:\/\/www.climed.tn\/index.php?rest_route=\/wp\/v2\/product\/6043","targetHints":{"allow":["GET"]}}],"collection":[{"href":"https:\/\/www.climed.tn\/index.php?rest_route=\/wp\/v2\/product"}],"about":[{"href":"https:\/\/www.climed.tn\/index.php?rest_route=\/wp\/v2\/types\/product"}],"wp:featuredmedia":[{"embeddable":true,"href":"https:\/\/www.climed.tn\/index.php?rest_route=\/wp\/v2\/media\/6044"}],"wp:attachment":[{"href":"https:\/\/www.climed.tn\/index.php?rest_route=%2Fwp%2Fv2%2Fmedia&parent=6043"}],"wp:term":[{"taxonomy":"product_brand","embeddable":true,"href":"https:\/\/www.climed.tn\/index.php?rest_route=%2Fwp%2Fv2%2Fproduct_brand&post=6043"},{"taxonomy":"product_cat","embeddable":true,"href":"https:\/\/www.climed.tn\/index.php?rest_route=%2Fwp%2Fv2%2Fproduct_cat&post=6043"},{"taxonomy":"product_tag","embeddable":true,"href":"https:\/\/www.climed.tn\/index.php?rest_route=%2Fwp%2Fv2%2Fproduct_tag&post=6043"}],"curies":[{"name":"wp","href":"https:\/\/api.w.org\/{rel}","templated":true}]}}