{"id":5998,"date":"2022-05-26T11:30:42","date_gmt":"2022-05-26T09:30:42","guid":{"rendered":"https:\/\/www.climed.tn\/?post_type=product&#038;p=5998"},"modified":"2022-05-26T11:30:44","modified_gmt":"2022-05-26T09:30:44","slug":"cellule-no-no-basse-echelle-nox","status":"publish","type":"product","link":"https:\/\/www.climed.tn\/?product=cellule-no-no-basse-echelle-nox","title":{"rendered":"Cellule NO ou NO basse \u00e9chelle pour les NOx"},"content":{"rendered":"<div class=\"reference\"><span class=\"reference__label\">R\u00e9f. :<\/span><span> <\/span>27520, 27521<\/div>\n<div class=\"clearfix text-formatted field field--name-field-ia-description field--type-text-long field--label-hidden field__item\">\n<p>R\u00e9f\u00e9rence:\u00a027520 (NO) et 27521 (Low NO)<\/p>\n<\/div>\n","protected":false},"excerpt":{"rendered":"<p>R\u00e9f. : 27520, 27521 R\u00e9f\u00e9rence:\u00a027520 (NO) et 27521 (Low NO)<\/p>\n","protected":false},"featured_media":5999,"template":"","meta":[],"product_brand":[],"product_cat":[136,134],"product_tag":[],"class_list":{"0":"post-5998","1":"product","2":"type-product","3":"status-publish","4":"has-post-thumbnail","6":"product_cat-accessoires-combustion","7":"product_cat-combustion","9":"first","10":"instock","11":"shipping-taxable","12":"product-type-simple"},"_links":{"self":[{"href":"https:\/\/www.climed.tn\/index.php?rest_route=\/wp\/v2\/product\/5998","targetHints":{"allow":["GET"]}}],"collection":[{"href":"https:\/\/www.climed.tn\/index.php?rest_route=\/wp\/v2\/product"}],"about":[{"href":"https:\/\/www.climed.tn\/index.php?rest_route=\/wp\/v2\/types\/product"}],"wp:featuredmedia":[{"embeddable":true,"href":"https:\/\/www.climed.tn\/index.php?rest_route=\/wp\/v2\/media\/5999"}],"wp:attachment":[{"href":"https:\/\/www.climed.tn\/index.php?rest_route=%2Fwp%2Fv2%2Fmedia&parent=5998"}],"wp:term":[{"taxonomy":"product_brand","embeddable":true,"href":"https:\/\/www.climed.tn\/index.php?rest_route=%2Fwp%2Fv2%2Fproduct_brand&post=5998"},{"taxonomy":"product_cat","embeddable":true,"href":"https:\/\/www.climed.tn\/index.php?rest_route=%2Fwp%2Fv2%2Fproduct_cat&post=5998"},{"taxonomy":"product_tag","embeddable":true,"href":"https:\/\/www.climed.tn\/index.php?rest_route=%2Fwp%2Fv2%2Fproduct_tag&post=5998"}],"curies":[{"name":"wp","href":"https:\/\/api.w.org\/{rel}","templated":true}]}}