{"id":5979,"date":"2022-05-20T14:21:05","date_gmt":"2022-05-20T12:21:05","guid":{"rendered":"https:\/\/www.climed.tn\/?post_type=product&#038;p=5979"},"modified":"2022-05-20T14:24:30","modified_gmt":"2022-05-20T12:24:30","slug":"imprimante-sans-fil","status":"publish","type":"product","link":"https:\/\/www.climed.tn\/?product=imprimante-sans-fil","title":{"rendered":"Imprimante sans fil"},"content":{"rendered":"<p><span class=\"reference__label\">R\u00e9f. :<\/span><span>\u00a0<\/span>MPT-II\/Si-CA 8500 Printer<\/p>\n<p class=\"page__subtitle\">Imprimante thermique mobile<br \/>\n<span>Batterie Li-polym\u00e8re rechargeable 2000 mAh 3.7 mV<\/span><br \/>\n<span>Mode veille et auto-extinction automatique<\/span><br \/>\n<span>Rechargement facile du papier<\/span><\/p>\n","protected":false},"excerpt":{"rendered":"<p><span>Silencieuse, rapide et \u00e9conome en \u00e9nergie, l&#8217;imprimante thermique MPT-II\/Si-CA 8500 permet d&#8217;effectuer des impressions efficaces et claires. De petite taille et l\u00e9g\u00e8re, elle est facile \u00e0 transporter.<\/span><\/p>\n","protected":false},"featured_media":5980,"template":"","meta":[],"product_brand":[],"product_cat":[136,134],"product_tag":[],"class_list":{"0":"post-5979","1":"product","2":"type-product","3":"status-publish","4":"has-post-thumbnail","6":"product_cat-accessoires-combustion","7":"product_cat-combustion","9":"first","10":"instock","11":"shipping-taxable","12":"product-type-simple"},"_links":{"self":[{"href":"https:\/\/www.climed.tn\/index.php?rest_route=\/wp\/v2\/product\/5979","targetHints":{"allow":["GET"]}}],"collection":[{"href":"https:\/\/www.climed.tn\/index.php?rest_route=\/wp\/v2\/product"}],"about":[{"href":"https:\/\/www.climed.tn\/index.php?rest_route=\/wp\/v2\/types\/product"}],"wp:featuredmedia":[{"embeddable":true,"href":"https:\/\/www.climed.tn\/index.php?rest_route=\/wp\/v2\/media\/5980"}],"wp:attachment":[{"href":"https:\/\/www.climed.tn\/index.php?rest_route=%2Fwp%2Fv2%2Fmedia&parent=5979"}],"wp:term":[{"taxonomy":"product_brand","embeddable":true,"href":"https:\/\/www.climed.tn\/index.php?rest_route=%2Fwp%2Fv2%2Fproduct_brand&post=5979"},{"taxonomy":"product_cat","embeddable":true,"href":"https:\/\/www.climed.tn\/index.php?rest_route=%2Fwp%2Fv2%2Fproduct_cat&post=5979"},{"taxonomy":"product_tag","embeddable":true,"href":"https:\/\/www.climed.tn\/index.php?rest_route=%2Fwp%2Fv2%2Fproduct_tag&post=5979"}],"curies":[{"name":"wp","href":"https:\/\/api.w.org\/{rel}","templated":true}]}}