{"id":5976,"date":"2022-05-20T14:14:32","date_gmt":"2022-05-20T12:14:32","guid":{"rendered":"https:\/\/www.climed.tn\/?post_type=product&#038;p=5976"},"modified":"2022-05-20T14:15:57","modified_gmt":"2022-05-20T12:15:57","slug":"imprimante-deportee-fil","status":"publish","type":"product","link":"https:\/\/www.climed.tn\/?product=imprimante-deportee-fil","title":{"rendered":"Imprimante d\u00e9port\u00e9e sans fil"},"content":{"rendered":"<p><span>Imprimante thermique sans fil<\/span><br \/>\n<span>Batterie Li-ion rechargeable 1500 mAh 7.4 V<\/span><br \/>\n<span>Rechargement facile du papier<\/span><\/p>\n","protected":false},"excerpt":{"rendered":"<p><span>Silencieuse, rapide et \u00e9conome en \u00e9nergie, l&#8217;imprimante thermique\u00a0permet d&#8217;effectuer des impressions efficaces et claires. De petite taille et l\u00e9g\u00e8re, elle est facile \u00e0 transporter.<\/span><\/p>\n","protected":false},"featured_media":5977,"template":"","meta":[],"product_brand":[],"product_cat":[136,134],"product_tag":[],"class_list":{"0":"post-5976","1":"product","2":"type-product","3":"status-publish","4":"has-post-thumbnail","6":"product_cat-accessoires-combustion","7":"product_cat-combustion","9":"first","10":"instock","11":"shipping-taxable","12":"product-type-simple"},"_links":{"self":[{"href":"https:\/\/www.climed.tn\/index.php?rest_route=\/wp\/v2\/product\/5976","targetHints":{"allow":["GET"]}}],"collection":[{"href":"https:\/\/www.climed.tn\/index.php?rest_route=\/wp\/v2\/product"}],"about":[{"href":"https:\/\/www.climed.tn\/index.php?rest_route=\/wp\/v2\/types\/product"}],"wp:featuredmedia":[{"embeddable":true,"href":"https:\/\/www.climed.tn\/index.php?rest_route=\/wp\/v2\/media\/5977"}],"wp:attachment":[{"href":"https:\/\/www.climed.tn\/index.php?rest_route=%2Fwp%2Fv2%2Fmedia&parent=5976"}],"wp:term":[{"taxonomy":"product_brand","embeddable":true,"href":"https:\/\/www.climed.tn\/index.php?rest_route=%2Fwp%2Fv2%2Fproduct_brand&post=5976"},{"taxonomy":"product_cat","embeddable":true,"href":"https:\/\/www.climed.tn\/index.php?rest_route=%2Fwp%2Fv2%2Fproduct_cat&post=5976"},{"taxonomy":"product_tag","embeddable":true,"href":"https:\/\/www.climed.tn\/index.php?rest_route=%2Fwp%2Fv2%2Fproduct_tag&post=5976"}],"curies":[{"name":"wp","href":"https:\/\/api.w.org\/{rel}","templated":true}]}}