{"id":5970,"date":"2022-05-20T13:53:42","date_gmt":"2022-05-20T11:53:42","guid":{"rendered":"https:\/\/www.climed.tn\/?post_type=product&#038;p=5970"},"modified":"2022-05-20T13:59:43","modified_gmt":"2022-05-20T11:59:43","slug":"scu-unite-de-recuperation-h2o","status":"publish","type":"product","link":"https:\/\/www.climed.tn\/?product=scu-unite-de-recuperation-h2o","title":{"rendered":"SCU (Unit\u00e9 de r\u00e9cup\u00e9ration H2O)"},"content":{"rendered":"<p><span class=\"reference__label\">R\u00e9f. :<\/span><span>\u00a0<\/span>26811<br \/>\n<span>Ajoute une protection suppl\u00e9mentaire contre l&#8217;humidit\u00e9<\/span><br \/>\n<span>Minimise la possibilit\u00e9 d&#8217;accumulation de condensat dans le tuyau<\/span><br \/>\n<span>Conserve intact les gaz en cours d\u2019analyse<\/span><br \/>\n<span>Option disponible pour tous nos analyseurs de combustion<\/span><\/p>\n","protected":false},"excerpt":{"rendered":"<p>Sauermann\u00a0a\u00a0d\u00e9velopp\u00e9\u00a0un\u00a0syst\u00e8me\u00a0de\u00a0r\u00e9cup\u00e9ration\u00a0H2O\u00a0mont\u00e9 directement apr\u00e8s la sortie de la sonde de pr\u00e9l\u00e8vement, o\u00f9 l&#8217;eau peut rapidement condenser et se\u00a0s\u00e9parer\u00a0imm\u00e9diatement\u00a0des\u00a0gaz\u00a0minimisant\u00a0ainsi\u00a0tout contact du\u00a0gaz\u00a0cible\u00a0avec de\u00a0l&#8217;eau\u00a0liquide.<\/p>\n<p>De plus, un pot \u00e0\u00a0condensats,\u00a0utilis\u00e9 commun\u00e9ment avec des\u00a0appareils portables, permet\u00a0ensuite\u00a0d&#8217;\u00e9liminer\u00a0les\u00a0r\u00e9sidus\u00a0d&#8217;eau\u00a0dans les gaz afin de prot\u00e9ger les cellules\u00a0pr\u00e9sentes\u00a0dans\u00a0l&#8217;analyseur.<\/p>\n","protected":false},"featured_media":5971,"template":"","meta":[],"product_brand":[],"product_cat":[136,134],"product_tag":[],"class_list":{"0":"post-5970","1":"product","2":"type-product","3":"status-publish","4":"has-post-thumbnail","6":"product_cat-accessoires-combustion","7":"product_cat-combustion","9":"first","10":"instock","11":"shipping-taxable","12":"product-type-simple"},"_links":{"self":[{"href":"https:\/\/www.climed.tn\/index.php?rest_route=\/wp\/v2\/product\/5970","targetHints":{"allow":["GET"]}}],"collection":[{"href":"https:\/\/www.climed.tn\/index.php?rest_route=\/wp\/v2\/product"}],"about":[{"href":"https:\/\/www.climed.tn\/index.php?rest_route=\/wp\/v2\/types\/product"}],"wp:featuredmedia":[{"embeddable":true,"href":"https:\/\/www.climed.tn\/index.php?rest_route=\/wp\/v2\/media\/5971"}],"wp:attachment":[{"href":"https:\/\/www.climed.tn\/index.php?rest_route=%2Fwp%2Fv2%2Fmedia&parent=5970"}],"wp:term":[{"taxonomy":"product_brand","embeddable":true,"href":"https:\/\/www.climed.tn\/index.php?rest_route=%2Fwp%2Fv2%2Fproduct_brand&post=5970"},{"taxonomy":"product_cat","embeddable":true,"href":"https:\/\/www.climed.tn\/index.php?rest_route=%2Fwp%2Fv2%2Fproduct_cat&post=5970"},{"taxonomy":"product_tag","embeddable":true,"href":"https:\/\/www.climed.tn\/index.php?rest_route=%2Fwp%2Fv2%2Fproduct_tag&post=5970"}],"curies":[{"name":"wp","href":"https:\/\/api.w.org\/{rel}","templated":true}]}}