{"id":5962,"date":"2022-05-20T13:18:13","date_gmt":"2022-05-20T11:18:13","guid":{"rendered":"https:\/\/www.climed.tn\/?post_type=product&#038;p=5962"},"modified":"2022-05-20T13:18:13","modified_gmt":"2022-05-20T11:18:13","slug":"pompe-dopacite-pmo","status":"publish","type":"product","link":"https:\/\/www.climed.tn\/?product=pompe-dopacite-pmo","title":{"rendered":"Pompe d&#8217;opacit\u00e9 PMO"},"content":{"rendered":"<p><span>Livr\u00e9e avec 50 filtres et une table de r\u00e9f\u00e9rence<\/span><\/p>\n","protected":false},"excerpt":{"rendered":"<p><span>La pompe d\u2019opacit\u00e9 Kimo permet l&#8217;analyse d\u2019\u00e9chantillons de fum\u00e9e. Elle fournit un indice d&#8217;opacit\u00e9 compris entre 0 et 9.<\/span><\/p>\n","protected":false},"featured_media":5963,"template":"","meta":[],"product_brand":[],"product_cat":[136,134],"product_tag":[],"class_list":{"0":"post-5962","1":"product","2":"type-product","3":"status-publish","4":"has-post-thumbnail","6":"product_cat-accessoires-combustion","7":"product_cat-combustion","9":"first","10":"instock","11":"shipping-taxable","12":"product-type-simple"},"_links":{"self":[{"href":"https:\/\/www.climed.tn\/index.php?rest_route=\/wp\/v2\/product\/5962","targetHints":{"allow":["GET"]}}],"collection":[{"href":"https:\/\/www.climed.tn\/index.php?rest_route=\/wp\/v2\/product"}],"about":[{"href":"https:\/\/www.climed.tn\/index.php?rest_route=\/wp\/v2\/types\/product"}],"wp:featuredmedia":[{"embeddable":true,"href":"https:\/\/www.climed.tn\/index.php?rest_route=\/wp\/v2\/media\/5963"}],"wp:attachment":[{"href":"https:\/\/www.climed.tn\/index.php?rest_route=%2Fwp%2Fv2%2Fmedia&parent=5962"}],"wp:term":[{"taxonomy":"product_brand","embeddable":true,"href":"https:\/\/www.climed.tn\/index.php?rest_route=%2Fwp%2Fv2%2Fproduct_brand&post=5962"},{"taxonomy":"product_cat","embeddable":true,"href":"https:\/\/www.climed.tn\/index.php?rest_route=%2Fwp%2Fv2%2Fproduct_cat&post=5962"},{"taxonomy":"product_tag","embeddable":true,"href":"https:\/\/www.climed.tn\/index.php?rest_route=%2Fwp%2Fv2%2Fproduct_tag&post=5962"}],"curies":[{"name":"wp","href":"https:\/\/api.w.org\/{rel}","templated":true}]}}