{"id":5792,"date":"2021-03-26T13:28:15","date_gmt":"2021-03-26T12:28:15","guid":{"rendered":"https:\/\/www.climed.tn\/?post_type=product&#038;p=5792"},"modified":"2021-03-26T13:28:19","modified_gmt":"2021-03-26T12:28:19","slug":"pocket-thermometre-electronique","status":"publish","type":"product","link":"https:\/\/www.climed.tn\/?product=pocket-thermometre-electronique","title":{"rendered":"Pocket : Thermom\u00e8tre \u00e9lectronique"},"content":{"rendered":"<p><span>Gamme de mesure : -40 \u00e0 +200\u00b0 C<\/span><br \/>\n<span>Sonde inox : long. 124 mm<\/span><br \/>\n<span>\u00c9tui de protection<\/span><br \/>\n<span>Afficheur : 7,5 x 21 mm<\/span><br \/>\n<span>Auto-extinction : 5 minutes<\/span><br \/>\n<span>Clip ceintur\u00e9<\/span><\/p>\n","protected":false},"excerpt":{"rendered":"<p><span>Le Pocket Kimo est un thermom\u00e8tre portable.<\/span><\/p>\n","protected":false},"featured_media":5793,"template":"","meta":[],"product_brand":[],"product_cat":[145],"product_tag":[],"class_list":{"0":"post-5792","1":"product","2":"type-product","3":"status-publish","4":"has-post-thumbnail","6":"product_cat-thermometres","8":"first","9":"instock","10":"shipping-taxable","11":"product-type-simple"},"_links":{"self":[{"href":"https:\/\/www.climed.tn\/index.php?rest_route=\/wp\/v2\/product\/5792","targetHints":{"allow":["GET"]}}],"collection":[{"href":"https:\/\/www.climed.tn\/index.php?rest_route=\/wp\/v2\/product"}],"about":[{"href":"https:\/\/www.climed.tn\/index.php?rest_route=\/wp\/v2\/types\/product"}],"wp:featuredmedia":[{"embeddable":true,"href":"https:\/\/www.climed.tn\/index.php?rest_route=\/wp\/v2\/media\/5793"}],"wp:attachment":[{"href":"https:\/\/www.climed.tn\/index.php?rest_route=%2Fwp%2Fv2%2Fmedia&parent=5792"}],"wp:term":[{"taxonomy":"product_brand","embeddable":true,"href":"https:\/\/www.climed.tn\/index.php?rest_route=%2Fwp%2Fv2%2Fproduct_brand&post=5792"},{"taxonomy":"product_cat","embeddable":true,"href":"https:\/\/www.climed.tn\/index.php?rest_route=%2Fwp%2Fv2%2Fproduct_cat&post=5792"},{"taxonomy":"product_tag","embeddable":true,"href":"https:\/\/www.climed.tn\/index.php?rest_route=%2Fwp%2Fv2%2Fproduct_tag&post=5792"}],"curies":[{"name":"wp","href":"https:\/\/api.w.org\/{rel}","templated":true}]}}