{"id":5787,"date":"2021-03-26T13:24:19","date_gmt":"2021-03-26T12:24:19","guid":{"rendered":"https:\/\/www.climed.tn\/?post_type=product&#038;p=5787"},"modified":"2021-03-26T13:24:28","modified_gmt":"2021-03-26T12:24:28","slug":"th-300-mini-thermometre","status":"publish","type":"product","link":"https:\/\/www.climed.tn\/?product=th-300-mini-thermometre","title":{"rendered":"TH 300 : Mini thermom\u00e8tre"},"content":{"rendered":"<p><span>Afficheur : 41 x 15 mm<\/span><br \/>\n<span>Alarme r\u00e9glable<\/span><br \/>\n<span>Sonde inox long. 105 mm, c\u00e2ble 800 mm<\/span><\/p>\n","protected":false},"excerpt":{"rendered":"<p><span>Le mini thermom\u00e8tre TH 300 Kimo offre une plage de mesure de -50 \u00e0 +150 \u00b0C. Il est \u00e9quip\u00e9 d&#8217;une alarme programmable, d&#8217;une sonde de piquage et d&#8217;un c\u00e2ble de 1 m\u00e8tre.<\/span><\/p>\n","protected":false},"featured_media":5788,"template":"","meta":[],"product_brand":[],"product_cat":[145],"product_tag":[],"class_list":{"0":"post-5787","1":"product","2":"type-product","3":"status-publish","4":"has-post-thumbnail","6":"product_cat-thermometres","8":"first","9":"instock","10":"shipping-taxable","11":"product-type-simple"},"_links":{"self":[{"href":"https:\/\/www.climed.tn\/index.php?rest_route=\/wp\/v2\/product\/5787","targetHints":{"allow":["GET"]}}],"collection":[{"href":"https:\/\/www.climed.tn\/index.php?rest_route=\/wp\/v2\/product"}],"about":[{"href":"https:\/\/www.climed.tn\/index.php?rest_route=\/wp\/v2\/types\/product"}],"wp:featuredmedia":[{"embeddable":true,"href":"https:\/\/www.climed.tn\/index.php?rest_route=\/wp\/v2\/media\/5788"}],"wp:attachment":[{"href":"https:\/\/www.climed.tn\/index.php?rest_route=%2Fwp%2Fv2%2Fmedia&parent=5787"}],"wp:term":[{"taxonomy":"product_brand","embeddable":true,"href":"https:\/\/www.climed.tn\/index.php?rest_route=%2Fwp%2Fv2%2Fproduct_brand&post=5787"},{"taxonomy":"product_cat","embeddable":true,"href":"https:\/\/www.climed.tn\/index.php?rest_route=%2Fwp%2Fv2%2Fproduct_cat&post=5787"},{"taxonomy":"product_tag","embeddable":true,"href":"https:\/\/www.climed.tn\/index.php?rest_route=%2Fwp%2Fv2%2Fproduct_tag&post=5787"}],"curies":[{"name":"wp","href":"https:\/\/api.w.org\/{rel}","templated":true}]}}