{"id":5780,"date":"2021-03-26T13:15:58","date_gmt":"2021-03-26T12:15:58","guid":{"rendered":"https:\/\/www.climed.tn\/?post_type=product&#038;p=5780"},"modified":"2021-03-26T13:16:04","modified_gmt":"2021-03-26T12:16:04","slug":"tr-61-tr-62-temperature-pt100","status":"publish","type":"product","link":"https:\/\/www.climed.tn\/?product=tr-61-tr-62-temperature-pt100","title":{"rendered":"TR 61 \/ TR 62 : Temp\u00e9rature Pt100"},"content":{"rendered":"<p><span>TR 61 : une voie, et TR 62 : deux voies<\/span><br \/>\n<span>Alarmes r\u00e9glables<\/span><br \/>\n<span>Fonction Hold et valeurs min-max<\/span><br \/>\n<span>Gamme de mesure : Pt100 : -100 \u00e0 +400 \u00b0C<\/span><br \/>\n<span>R\u00e9tro-\u00e9clairage r\u00e9glable<\/span><br \/>\n<span>Certificat d\u2019ajustage<\/span><\/p>\n","protected":false},"excerpt":{"rendered":"<p><span>Le TR 61 \/ 62 Kimo utilise des sondes Pt100 avec une gamme de mesure de -100 \u00e0 400\u00a0\u00b0C\u00a0et une exactitude de \u00b10,4 % de la lecture \u00b10,3 \u00b0C.<\/span><\/p>\n","protected":false},"featured_media":5781,"template":"","meta":[],"product_brand":[],"product_cat":[145],"product_tag":[],"class_list":{"0":"post-5780","1":"product","2":"type-product","3":"status-publish","4":"has-post-thumbnail","6":"product_cat-thermometres","8":"first","9":"instock","10":"shipping-taxable","11":"product-type-simple"},"_links":{"self":[{"href":"https:\/\/www.climed.tn\/index.php?rest_route=\/wp\/v2\/product\/5780","targetHints":{"allow":["GET"]}}],"collection":[{"href":"https:\/\/www.climed.tn\/index.php?rest_route=\/wp\/v2\/product"}],"about":[{"href":"https:\/\/www.climed.tn\/index.php?rest_route=\/wp\/v2\/types\/product"}],"wp:featuredmedia":[{"embeddable":true,"href":"https:\/\/www.climed.tn\/index.php?rest_route=\/wp\/v2\/media\/5781"}],"wp:attachment":[{"href":"https:\/\/www.climed.tn\/index.php?rest_route=%2Fwp%2Fv2%2Fmedia&parent=5780"}],"wp:term":[{"taxonomy":"product_brand","embeddable":true,"href":"https:\/\/www.climed.tn\/index.php?rest_route=%2Fwp%2Fv2%2Fproduct_brand&post=5780"},{"taxonomy":"product_cat","embeddable":true,"href":"https:\/\/www.climed.tn\/index.php?rest_route=%2Fwp%2Fv2%2Fproduct_cat&post=5780"},{"taxonomy":"product_tag","embeddable":true,"href":"https:\/\/www.climed.tn\/index.php?rest_route=%2Fwp%2Fv2%2Fproduct_tag&post=5780"}],"curies":[{"name":"wp","href":"https:\/\/api.w.org\/{rel}","templated":true}]}}