{"id":5772,"date":"2021-03-26T13:07:55","date_gmt":"2021-03-26T12:07:55","guid":{"rendered":"https:\/\/www.climed.tn\/?post_type=product&#038;p=5772"},"modified":"2021-03-26T13:08:08","modified_gmt":"2021-03-26T12:08:08","slug":"tm-210-thermometre-multi-voies","status":"publish","type":"product","link":"https:\/\/www.climed.tn\/?product=tm-210-thermometre-multi-voies","title":{"rendered":"TM 210 : Thermom\u00e8tre multi-voies"},"content":{"rendered":"<p><span>Mesure de la temp\u00e9rature, des conditions climatiques et du coefficient U (selon option)<\/span><br \/>\n<span>Deux entr\u00e9es pour temp\u00e9rature Pt100<\/span><br \/>\n<span>Grand afficheur graphique<\/span><br \/>\n<span>Modules de mesure interchangeables<\/span><br \/>\n<span>Jusqu\u2019\u00e0 6 mesures d\u2019enregistrement<\/span><br \/>\n<span>Certificat d&#8217;\u00e9talonnage<\/span><\/p>\n","protected":false},"excerpt":{"rendered":"<p>Un thermom\u00e8tre multi-voies permet de mesurer la temp\u00e9rature ambiante, centrale et de surface. Il est utilis\u00e9 dans divers secteurs d\u2019activit\u00e9s.<br \/>\nLe thermom\u00e8tre diff\u00e9rentiel TM 210 Kimo est un thermom\u00e8tre polyvalent \u00e0 6 voies, dont 2 voies d\u00e9di\u00e9es pour sondes Pt100 et 4 voies pour entr\u00e9es thermocouples.<\/p>\n","protected":false},"featured_media":5773,"template":"","meta":[],"product_brand":[],"product_cat":[145],"product_tag":[],"class_list":{"0":"post-5772","1":"product","2":"type-product","3":"status-publish","4":"has-post-thumbnail","6":"product_cat-thermometres","8":"first","9":"instock","10":"shipping-taxable","11":"product-type-simple"},"_links":{"self":[{"href":"https:\/\/www.climed.tn\/index.php?rest_route=\/wp\/v2\/product\/5772","targetHints":{"allow":["GET"]}}],"collection":[{"href":"https:\/\/www.climed.tn\/index.php?rest_route=\/wp\/v2\/product"}],"about":[{"href":"https:\/\/www.climed.tn\/index.php?rest_route=\/wp\/v2\/types\/product"}],"wp:featuredmedia":[{"embeddable":true,"href":"https:\/\/www.climed.tn\/index.php?rest_route=\/wp\/v2\/media\/5773"}],"wp:attachment":[{"href":"https:\/\/www.climed.tn\/index.php?rest_route=%2Fwp%2Fv2%2Fmedia&parent=5772"}],"wp:term":[{"taxonomy":"product_brand","embeddable":true,"href":"https:\/\/www.climed.tn\/index.php?rest_route=%2Fwp%2Fv2%2Fproduct_brand&post=5772"},{"taxonomy":"product_cat","embeddable":true,"href":"https:\/\/www.climed.tn\/index.php?rest_route=%2Fwp%2Fv2%2Fproduct_cat&post=5772"},{"taxonomy":"product_tag","embeddable":true,"href":"https:\/\/www.climed.tn\/index.php?rest_route=%2Fwp%2Fv2%2Fproduct_tag&post=5772"}],"curies":[{"name":"wp","href":"https:\/\/api.w.org\/{rel}","templated":true}]}}