{"id":5759,"date":"2021-03-26T12:54:19","date_gmt":"2021-03-26T11:54:19","guid":{"rendered":"https:\/\/www.climed.tn\/?post_type=product&#038;p=5759"},"modified":"2021-03-26T12:54:35","modified_gmt":"2021-03-26T11:54:35","slug":"kiray-300-thermometre-infrarouge","status":"publish","type":"product","link":"https:\/\/www.climed.tn\/?product=kiray-300-thermometre-infrarouge","title":{"rendered":"KIRAY 300 : Thermom\u00e8tre infrarouge"},"content":{"rendered":"<p><span>Gamme de mesure de 50 \u00b0C \u00e0 +1850 \u00b0C<\/span><br \/>\n<span>Optique : 50:1<\/span><br \/>\n<span>\u00c9missivit\u00e9 : r\u00e9glable de 0,10 \u00e0 1,00 (pr\u00e9-r\u00e9gl\u00e9e \u00e0 0,95)<\/span><br \/>\n<span>R\u00e9ponse spectrale : 8-14 \u00b5m<\/span><br \/>\n<span>Double vis\u00e9e laser : longueur d\u2019onde de 630 nm \u00e0 670 nm<\/span><br \/>\n<span>Alarmes haute et basse, et sonde thermocouple K<\/span><\/p>\n","protected":false},"excerpt":{"rendered":"<p>Un thermom\u00e8tre infrarouge mesure les temp\u00e9ratures de surface d&#8217;objets br\u00fblants dangereux ou difficiles d&#8217;acc\u00e8s.<br \/>\nLe thermom\u00e8tre infrarouge KIRAY 300 Kimo \u00e0 double vis\u00e9e laser est un outil id\u00e9al pour diagnostiquer, inspecter et v\u00e9rifier toute temp\u00e9rature, avec l&#8217;avantage d&#8217;une technologie \u00ab sans contact \u00bb.<\/p>\n","protected":false},"featured_media":5760,"template":"","meta":[],"product_brand":[],"product_cat":[145],"product_tag":[],"class_list":{"0":"post-5759","1":"product","2":"type-product","3":"status-publish","4":"has-post-thumbnail","6":"product_cat-thermometres","8":"first","9":"instock","10":"shipping-taxable","11":"product-type-simple"},"_links":{"self":[{"href":"https:\/\/www.climed.tn\/index.php?rest_route=\/wp\/v2\/product\/5759","targetHints":{"allow":["GET"]}}],"collection":[{"href":"https:\/\/www.climed.tn\/index.php?rest_route=\/wp\/v2\/product"}],"about":[{"href":"https:\/\/www.climed.tn\/index.php?rest_route=\/wp\/v2\/types\/product"}],"wp:featuredmedia":[{"embeddable":true,"href":"https:\/\/www.climed.tn\/index.php?rest_route=\/wp\/v2\/media\/5760"}],"wp:attachment":[{"href":"https:\/\/www.climed.tn\/index.php?rest_route=%2Fwp%2Fv2%2Fmedia&parent=5759"}],"wp:term":[{"taxonomy":"product_brand","embeddable":true,"href":"https:\/\/www.climed.tn\/index.php?rest_route=%2Fwp%2Fv2%2Fproduct_brand&post=5759"},{"taxonomy":"product_cat","embeddable":true,"href":"https:\/\/www.climed.tn\/index.php?rest_route=%2Fwp%2Fv2%2Fproduct_cat&post=5759"},{"taxonomy":"product_tag","embeddable":true,"href":"https:\/\/www.climed.tn\/index.php?rest_route=%2Fwp%2Fv2%2Fproduct_tag&post=5759"}],"curies":[{"name":"wp","href":"https:\/\/api.w.org\/{rel}","templated":true}]}}