{"id":5729,"date":"2021-03-26T11:12:31","date_gmt":"2021-03-26T10:12:31","guid":{"rendered":"https:\/\/www.climed.tn\/?post_type=product&#038;p=5729"},"modified":"2021-03-26T11:12:58","modified_gmt":"2021-03-26T10:12:58","slug":"ti3-thermometre-infrarouge","status":"publish","type":"product","link":"https:\/\/www.climed.tn\/?product=ti3-thermometre-infrarouge","title":{"rendered":"Si-TI3 : Thermom\u00e8tre infrarouge"},"content":{"rendered":"<p><span>Optique : D.S 12:1<\/span><br \/>\n<span>Ecran LCD avec r\u00e9tro\u00e9clairage<\/span><br \/>\n<span>Emissivit\u00e9 r\u00e9glable<\/span><br \/>\n<span>Sac de transport<\/span><\/p>\n","protected":false},"excerpt":{"rendered":"<p><span>Le thermom\u00e8tre infrarouge Sauermann Si-TI3 est l\u2019instrument cl\u00e9 pour diagnostiquer, inspecter et v\u00e9rifier la temp\u00e9rature, avec l\u2019avantage d\u2019utiliser la technologie \u00ab sans contact \u00bb.<\/span><br \/>\n<span>Un thermom\u00e8tre infrarouge mesure la temp\u00e9rature de surface d\u2019objets chauds pouvant \u00eatre dangereux ou difficiles d\u2019acc\u00e8s.<\/span><\/p>\n","protected":false},"featured_media":5731,"template":"","meta":[],"product_brand":[],"product_cat":[145],"product_tag":[],"class_list":{"0":"post-5729","1":"product","2":"type-product","3":"status-publish","4":"has-post-thumbnail","6":"product_cat-thermometres","8":"first","9":"instock","10":"shipping-taxable","11":"product-type-simple"},"_links":{"self":[{"href":"https:\/\/www.climed.tn\/index.php?rest_route=\/wp\/v2\/product\/5729","targetHints":{"allow":["GET"]}}],"collection":[{"href":"https:\/\/www.climed.tn\/index.php?rest_route=\/wp\/v2\/product"}],"about":[{"href":"https:\/\/www.climed.tn\/index.php?rest_route=\/wp\/v2\/types\/product"}],"wp:featuredmedia":[{"embeddable":true,"href":"https:\/\/www.climed.tn\/index.php?rest_route=\/wp\/v2\/media\/5731"}],"wp:attachment":[{"href":"https:\/\/www.climed.tn\/index.php?rest_route=%2Fwp%2Fv2%2Fmedia&parent=5729"}],"wp:term":[{"taxonomy":"product_brand","embeddable":true,"href":"https:\/\/www.climed.tn\/index.php?rest_route=%2Fwp%2Fv2%2Fproduct_brand&post=5729"},{"taxonomy":"product_cat","embeddable":true,"href":"https:\/\/www.climed.tn\/index.php?rest_route=%2Fwp%2Fv2%2Fproduct_cat&post=5729"},{"taxonomy":"product_tag","embeddable":true,"href":"https:\/\/www.climed.tn\/index.php?rest_route=%2Fwp%2Fv2%2Fproduct_tag&post=5729"}],"curies":[{"name":"wp","href":"https:\/\/api.w.org\/{rel}","templated":true}]}}