{"id":5720,"date":"2021-03-26T09:59:44","date_gmt":"2021-03-26T08:59:44","guid":{"rendered":"https:\/\/www.climed.tn\/?post_type=product&#038;p=5720"},"modified":"2021-03-26T10:05:12","modified_gmt":"2021-03-26T09:05:12","slug":"pm3-manometre-numerique-de-pression-differentielle","status":"publish","type":"product","link":"https:\/\/www.climed.tn\/?product=pm3-manometre-numerique-de-pression-differentielle","title":{"rendered":"Si-PM3 : Manom\u00e8tre num\u00e9rique de pression diff\u00e9rentielle"},"content":{"rendered":"<p><span>Gamme de mesure : de -150 \u00e0 +150 hPa (-60 \u00e0 60 inH2O)<\/span><br \/>\n<span>Ecran LCD avec retro-\u00e9clairage<\/span><br \/>\n<span>Vitesse et d\u00e9bit d\u2019air avec tube de Pitot (en option)<\/span><br \/>\n<span>Aimants \u00e0 l\u2019arri\u00e8re pour une fixation facile + sac de transport<\/span><\/p>\n","protected":false},"excerpt":{"rendered":"<p><span>Ce manom\u00e8tre num\u00e9rique de pression diff\u00e9rentielle Sauermann Si-PM3 permet une mesure facile de la pression, en tenant au creux de la main.<\/span><\/p>\n","protected":false},"featured_media":5725,"template":"","meta":[],"product_brand":[],"product_cat":[15],"product_tag":[],"class_list":{"0":"post-5720","1":"product","2":"type-product","3":"status-publish","4":"has-post-thumbnail","6":"product_cat-manometres","8":"first","9":"instock","10":"shipping-taxable","11":"product-type-simple"},"_links":{"self":[{"href":"https:\/\/www.climed.tn\/index.php?rest_route=\/wp\/v2\/product\/5720","targetHints":{"allow":["GET"]}}],"collection":[{"href":"https:\/\/www.climed.tn\/index.php?rest_route=\/wp\/v2\/product"}],"about":[{"href":"https:\/\/www.climed.tn\/index.php?rest_route=\/wp\/v2\/types\/product"}],"wp:featuredmedia":[{"embeddable":true,"href":"https:\/\/www.climed.tn\/index.php?rest_route=\/wp\/v2\/media\/5725"}],"wp:attachment":[{"href":"https:\/\/www.climed.tn\/index.php?rest_route=%2Fwp%2Fv2%2Fmedia&parent=5720"}],"wp:term":[{"taxonomy":"product_brand","embeddable":true,"href":"https:\/\/www.climed.tn\/index.php?rest_route=%2Fwp%2Fv2%2Fproduct_brand&post=5720"},{"taxonomy":"product_cat","embeddable":true,"href":"https:\/\/www.climed.tn\/index.php?rest_route=%2Fwp%2Fv2%2Fproduct_cat&post=5720"},{"taxonomy":"product_tag","embeddable":true,"href":"https:\/\/www.climed.tn\/index.php?rest_route=%2Fwp%2Fv2%2Fproduct_tag&post=5720"}],"curies":[{"name":"wp","href":"https:\/\/api.w.org\/{rel}","templated":true}]}}