{"id":5709,"date":"2021-03-26T09:39:42","date_gmt":"2021-03-26T08:39:42","guid":{"rendered":"https:\/\/www.climed.tn\/?post_type=product&#038;p=5709"},"modified":"2021-03-26T10:04:16","modified_gmt":"2021-03-26T09:04:16","slug":"hh3-thermo-hygrometre-sonde-de-temperature-humidite-integree","status":"publish","type":"product","link":"https:\/\/www.climed.tn\/?product=hh3-thermo-hygrometre-sonde-de-temperature-humidite-integree","title":{"rendered":"Si-HH3 : Thermo-hygrom\u00e8tre avec sonde de temp\u00e9rature-humidit\u00e9 int\u00e9gr\u00e9e"},"content":{"rendered":"<p><span>Ecran LCD avec retro-\u00e9clairage<\/span><br \/>\n<span>Aimants \u00e0 l\u2019arri\u00e8re pour une fixation facile<\/span><br \/>\n<span>Valeurs calcul\u00e9es sur l\u2019application mobile (gratuite)<\/span><br \/>\n<span>Sac de transport<\/span><\/p>\n","protected":false},"excerpt":{"rendered":"<p><span>Le thermo-hygrom\u00e8tre Sauermann Si-HH3, qui tient dans la main, mesure facilement l\u2019humidit\u00e9 relative et la temp\u00e9rature.<\/span><\/p>\n<p>&nbsp;<\/p>\n","protected":false},"featured_media":5712,"template":"","meta":[],"product_brand":[],"product_cat":[137],"product_tag":[],"class_list":{"0":"post-5709","1":"product","2":"type-product","3":"status-publish","4":"has-post-thumbnail","6":"product_cat-hygrometres","8":"first","9":"instock","10":"shipping-taxable","11":"product-type-simple"},"_links":{"self":[{"href":"https:\/\/www.climed.tn\/index.php?rest_route=\/wp\/v2\/product\/5709","targetHints":{"allow":["GET"]}}],"collection":[{"href":"https:\/\/www.climed.tn\/index.php?rest_route=\/wp\/v2\/product"}],"about":[{"href":"https:\/\/www.climed.tn\/index.php?rest_route=\/wp\/v2\/types\/product"}],"wp:featuredmedia":[{"embeddable":true,"href":"https:\/\/www.climed.tn\/index.php?rest_route=\/wp\/v2\/media\/5712"}],"wp:attachment":[{"href":"https:\/\/www.climed.tn\/index.php?rest_route=%2Fwp%2Fv2%2Fmedia&parent=5709"}],"wp:term":[{"taxonomy":"product_brand","embeddable":true,"href":"https:\/\/www.climed.tn\/index.php?rest_route=%2Fwp%2Fv2%2Fproduct_brand&post=5709"},{"taxonomy":"product_cat","embeddable":true,"href":"https:\/\/www.climed.tn\/index.php?rest_route=%2Fwp%2Fv2%2Fproduct_cat&post=5709"},{"taxonomy":"product_tag","embeddable":true,"href":"https:\/\/www.climed.tn\/index.php?rest_route=%2Fwp%2Fv2%2Fproduct_tag&post=5709"}],"curies":[{"name":"wp","href":"https:\/\/api.w.org\/{rel}","templated":true}]}}