{"id":5677,"date":"2020-10-30T14:46:11","date_gmt":"2020-10-30T13:46:11","guid":{"rendered":"https:\/\/www.climed.tn\/?post_type=product&#038;p=5677"},"modified":"2023-08-18T11:45:01","modified_gmt":"2023-08-18T09:45:01","slug":"co-50-co-metre","status":"publish","type":"product","link":"https:\/\/www.climed.tn\/?product=co-50-co-metre","title":{"rendered":"CO 50 : CO m\u00e8tre"},"content":{"rendered":"<p><span>Gamme de mesure : CO : 0 \u00e0 500 ppm ; Temp\u00e9rature : -20 \u00e0 +80 \u00b0C<\/span><br \/>\n<span>Fonction Hold<\/span><br \/>\n<span>Auto-extinction : 20 minutes<\/span><br \/>\n<span>Simple d\u2019utilisation<\/span><br \/>\n<span>Sonde int\u00e9gr\u00e9e<\/span><br \/>\n<span>Certificat d\u2019ajustage<\/span><\/p>\n","protected":false},"excerpt":{"rendered":"<p>Un CO-m\u00e8tre permet de mesurer le monoxyde de carbone, qui peut \u00eatre un poison mortel silencieux.<br \/>\nLe CO 50 Kimo est un capteur-transmetteur de monoxyde de carbone (CO) portable qui permet de mesurer facilement le monoxyde de carbone pr\u00e9sent dans l\u2019air ambiant.<\/p>\n","protected":false},"featured_media":5678,"template":"","meta":[],"product_brand":[],"product_cat":[144],"product_tag":[],"class_list":{"0":"post-5677","1":"product","2":"type-product","3":"status-publish","4":"has-post-thumbnail","6":"product_cat-qualite-dair","8":"first","9":"instock","10":"shipping-taxable","11":"product-type-simple"},"_links":{"self":[{"href":"https:\/\/www.climed.tn\/index.php?rest_route=\/wp\/v2\/product\/5677","targetHints":{"allow":["GET"]}}],"collection":[{"href":"https:\/\/www.climed.tn\/index.php?rest_route=\/wp\/v2\/product"}],"about":[{"href":"https:\/\/www.climed.tn\/index.php?rest_route=\/wp\/v2\/types\/product"}],"wp:featuredmedia":[{"embeddable":true,"href":"https:\/\/www.climed.tn\/index.php?rest_route=\/wp\/v2\/media\/5678"}],"wp:attachment":[{"href":"https:\/\/www.climed.tn\/index.php?rest_route=%2Fwp%2Fv2%2Fmedia&parent=5677"}],"wp:term":[{"taxonomy":"product_brand","embeddable":true,"href":"https:\/\/www.climed.tn\/index.php?rest_route=%2Fwp%2Fv2%2Fproduct_brand&post=5677"},{"taxonomy":"product_cat","embeddable":true,"href":"https:\/\/www.climed.tn\/index.php?rest_route=%2Fwp%2Fv2%2Fproduct_cat&post=5677"},{"taxonomy":"product_tag","embeddable":true,"href":"https:\/\/www.climed.tn\/index.php?rest_route=%2Fwp%2Fv2%2Fproduct_tag&post=5677"}],"curies":[{"name":"wp","href":"https:\/\/api.w.org\/{rel}","templated":true}]}}