{"id":5663,"date":"2020-10-30T09:39:49","date_gmt":"2020-10-30T08:39:49","guid":{"rendered":"https:\/\/www.climed.tn\/?post_type=product&#038;p=5663"},"modified":"2020-10-30T09:39:53","modified_gmt":"2020-10-30T08:39:53","slug":"skp-sondes-speciales-compost","status":"publish","type":"product","link":"https:\/\/www.climed.tn\/?product=skp-sondes-speciales-compost","title":{"rendered":"SKP : Sondes sp\u00e9ciales compost"},"content":{"rendered":"<p><span>Longueur de 1000 mm \u00e0 2000 mm<\/span><br \/>\n<span>Robustes et r\u00e9sistantes \u00e0 toute \u00e9preuve<\/span><br \/>\n<span>Gaine de protection en acier inoxydable, poign\u00e9es en T et embout de piquage<\/span><br \/>\n<span>Adaptables avec thermom\u00e8tres enregistreurs autonomes et thermom\u00e8tres portables<\/span><\/p>\n","protected":false},"excerpt":{"rendered":"<p><span>La sonde sp\u00e9ciale compost de Kimo permet des mesures de temp\u00e9rature dans des milieux sp\u00e9cifiques tels que silo \u00e0 grains, stock de paille et stock de compost. Elle offre une gamme de mesure de -40 \u00e0 +375\u00a0\u00b0C.<\/span><\/p>\n","protected":false},"featured_media":5665,"template":"","meta":[],"product_brand":[],"product_cat":[140,142],"product_tag":[],"class_list":{"0":"post-5663","1":"product","2":"type-product","3":"status-publish","4":"has-post-thumbnail","6":"product_cat-sonde-autonomes-de-temperature","7":"product_cat-thermocouples","9":"first","10":"instock","11":"shipping-taxable","12":"product-type-simple"},"_links":{"self":[{"href":"https:\/\/www.climed.tn\/index.php?rest_route=\/wp\/v2\/product\/5663","targetHints":{"allow":["GET"]}}],"collection":[{"href":"https:\/\/www.climed.tn\/index.php?rest_route=\/wp\/v2\/product"}],"about":[{"href":"https:\/\/www.climed.tn\/index.php?rest_route=\/wp\/v2\/types\/product"}],"wp:featuredmedia":[{"embeddable":true,"href":"https:\/\/www.climed.tn\/index.php?rest_route=\/wp\/v2\/media\/5665"}],"wp:attachment":[{"href":"https:\/\/www.climed.tn\/index.php?rest_route=%2Fwp%2Fv2%2Fmedia&parent=5663"}],"wp:term":[{"taxonomy":"product_brand","embeddable":true,"href":"https:\/\/www.climed.tn\/index.php?rest_route=%2Fwp%2Fv2%2Fproduct_brand&post=5663"},{"taxonomy":"product_cat","embeddable":true,"href":"https:\/\/www.climed.tn\/index.php?rest_route=%2Fwp%2Fv2%2Fproduct_cat&post=5663"},{"taxonomy":"product_tag","embeddable":true,"href":"https:\/\/www.climed.tn\/index.php?rest_route=%2Fwp%2Fv2%2Fproduct_tag&post=5663"}],"curies":[{"name":"wp","href":"https:\/\/api.w.org\/{rel}","templated":true}]}}