{"id":5660,"date":"2020-10-30T08:49:58","date_gmt":"2020-10-30T07:49:58","guid":{"rendered":"https:\/\/www.climed.tn\/?post_type=product&#038;p=5660"},"modified":"2020-10-30T08:51:13","modified_gmt":"2020-10-30T07:51:13","slug":"sfki-sonde-de-temperature-thermocouple-k-plongeur-chemise-deformable-sortie-filaire","status":"publish","type":"product","link":"https:\/\/www.climed.tn\/?product=sfki-sonde-de-temperature-thermocouple-k-plongeur-chemise-deformable-sortie-filaire","title":{"rendered":"SFKI : Sonde de temp\u00e9rature thermocouple K avec plongeur chemis\u00e9 d\u00e9formable et sortie filaire"},"content":{"rendered":"<p><span>Capteur thermocouple K classe 1<\/span><span>Temp\u00e9rature d&#8217;utilisation du c\u00e2ble PFA : -50 \u00e0 +260 \u00b0C<\/span><br \/>\n<span>Plongeur Inconel\u00ae 600<\/span><br \/>\n<span>Temp\u00e9rature d&#8217;utilisation du c\u00e2ble Soie de verre blind\u00e9e : -50 \u00e0 +400 \u00b0C<\/span><\/p>\n","protected":false},"excerpt":{"rendered":"<p><span>La SFKI est une sonde de temp\u00e9rature thermocouple K avec plongeur chemis\u00e9 d\u00e9formable sur sortie filaire. Elle offre une gamme de mesure de -200 \u00e0\u00a0+1150 \u00b0C.<\/span><\/p>\n","protected":false},"featured_media":5662,"template":"","meta":[],"product_brand":[],"product_cat":[140,142],"product_tag":[],"class_list":{"0":"post-5660","1":"product","2":"type-product","3":"status-publish","4":"has-post-thumbnail","6":"product_cat-sonde-autonomes-de-temperature","7":"product_cat-thermocouples","9":"first","10":"instock","11":"shipping-taxable","12":"product-type-simple"},"_links":{"self":[{"href":"https:\/\/www.climed.tn\/index.php?rest_route=\/wp\/v2\/product\/5660","targetHints":{"allow":["GET"]}}],"collection":[{"href":"https:\/\/www.climed.tn\/index.php?rest_route=\/wp\/v2\/product"}],"about":[{"href":"https:\/\/www.climed.tn\/index.php?rest_route=\/wp\/v2\/types\/product"}],"wp:featuredmedia":[{"embeddable":true,"href":"https:\/\/www.climed.tn\/index.php?rest_route=\/wp\/v2\/media\/5662"}],"wp:attachment":[{"href":"https:\/\/www.climed.tn\/index.php?rest_route=%2Fwp%2Fv2%2Fmedia&parent=5660"}],"wp:term":[{"taxonomy":"product_brand","embeddable":true,"href":"https:\/\/www.climed.tn\/index.php?rest_route=%2Fwp%2Fv2%2Fproduct_brand&post=5660"},{"taxonomy":"product_cat","embeddable":true,"href":"https:\/\/www.climed.tn\/index.php?rest_route=%2Fwp%2Fv2%2Fproduct_cat&post=5660"},{"taxonomy":"product_tag","embeddable":true,"href":"https:\/\/www.climed.tn\/index.php?rest_route=%2Fwp%2Fv2%2Fproduct_tag&post=5660"}],"curies":[{"name":"wp","href":"https:\/\/api.w.org\/{rel}","templated":true}]}}