{"id":5657,"date":"2020-10-30T08:41:44","date_gmt":"2020-10-30T07:41:44","guid":{"rendered":"https:\/\/www.climed.tn\/?post_type=product&#038;p=5657"},"modified":"2020-10-30T08:41:47","modified_gmt":"2020-10-30T07:41:47","slug":"sf-50-sonde-de-temperature-filaire-a-element-resistif","status":"publish","type":"product","link":"https:\/\/www.climed.tn\/?product=sf-50-sonde-de-temperature-filaire-a-element-resistif","title":{"rendered":"SF 50 : Sonde de temp\u00e9rature filaire \u00e0 \u00e9l\u00e9ment r\u00e9sistif"},"content":{"rendered":"<p><span>Sortie 3 fils<\/span><br \/>\n<span>Temp\u00e9rature d&#8217;utilisation du c\u00e2ble PTFE : de -50 \u00e0 +260\u00b0C<\/span><br \/>\n<span>Temp\u00e9rature d&#8217;utilisation du c\u00e2ble PVC : de -10 \u00e0 +105 \u00b0C<\/span><br \/>\n<span>\u00c9talonnage sur site ou en laboratoire (option)<\/span><\/p>\n","protected":false},"excerpt":{"rendered":"<p><span>La sonde de temp\u00e9rature filaire \u00e0 \u00e9l\u00e9ment r\u00e9sistif SF 50\u00a0offre une gamme de mesure de -50 \u00e0\u00a0+260 \u00b0C (Pt100).<\/span><\/p>\n","protected":false},"featured_media":5658,"template":"","meta":[],"product_brand":[],"product_cat":[141,140],"product_tag":[],"class_list":{"0":"post-5657","1":"product","2":"type-product","3":"status-publish","4":"has-post-thumbnail","6":"product_cat-resistives","7":"product_cat-sonde-autonomes-de-temperature","9":"first","10":"instock","11":"shipping-taxable","12":"product-type-simple"},"_links":{"self":[{"href":"https:\/\/www.climed.tn\/index.php?rest_route=\/wp\/v2\/product\/5657","targetHints":{"allow":["GET"]}}],"collection":[{"href":"https:\/\/www.climed.tn\/index.php?rest_route=\/wp\/v2\/product"}],"about":[{"href":"https:\/\/www.climed.tn\/index.php?rest_route=\/wp\/v2\/types\/product"}],"wp:featuredmedia":[{"embeddable":true,"href":"https:\/\/www.climed.tn\/index.php?rest_route=\/wp\/v2\/media\/5658"}],"wp:attachment":[{"href":"https:\/\/www.climed.tn\/index.php?rest_route=%2Fwp%2Fv2%2Fmedia&parent=5657"}],"wp:term":[{"taxonomy":"product_brand","embeddable":true,"href":"https:\/\/www.climed.tn\/index.php?rest_route=%2Fwp%2Fv2%2Fproduct_brand&post=5657"},{"taxonomy":"product_cat","embeddable":true,"href":"https:\/\/www.climed.tn\/index.php?rest_route=%2Fwp%2Fv2%2Fproduct_cat&post=5657"},{"taxonomy":"product_tag","embeddable":true,"href":"https:\/\/www.climed.tn\/index.php?rest_route=%2Fwp%2Fv2%2Fproduct_tag&post=5657"}],"curies":[{"name":"wp","href":"https:\/\/api.w.org\/{rel}","templated":true}]}}