{"id":5638,"date":"2020-10-28T14:05:20","date_gmt":"2020-10-28T13:05:20","guid":{"rendered":"https:\/\/www.climed.tn\/?post_type=product&#038;p=5638"},"modified":"2020-10-28T14:05:24","modified_gmt":"2020-10-28T13:05:24","slug":"ct-110-tachymetre","status":"publish","type":"product","link":"https:\/\/www.climed.tn\/?product=ct-110-tachymetre","title":{"rendered":"CT 110 : Tachym\u00e8tre"},"content":{"rendered":"<p><span>Gamme de mesure : optique : 60 \u00e0 60 000 tr\/min, et contact : 30 \u00e0 3000 tr\/min<\/span><br \/>\n<span>R\u00e9tro-\u00e9clairage r\u00e9glable<\/span><br \/>\n<span>Fonction Hold et valeurs min-max<\/span><br \/>\n<span>Simple d\u2019utilisation<\/span><br \/>\n<span>Choix contact\/optique<\/span><br \/>\n<span>Certificat d\u2019\u00e9talonnage<\/span><\/p>\n","protected":false},"excerpt":{"rendered":"<p><span>Le tachym\u00e8tre CT 110 Kimo est id\u00e9al pour mesurer la vitesse en tours\/minute d\u2019un arbre, d\u2019un disque ou d\u2019un moteur, soit par contact, soit en mode optique.<\/span><\/p>\n","protected":false},"featured_media":5639,"template":"","meta":[],"product_brand":[],"product_cat":[139],"product_tag":[],"class_list":{"0":"post-5638","1":"product","2":"type-product","3":"status-publish","4":"has-post-thumbnail","6":"product_cat-tachymetres","8":"first","9":"instock","10":"shipping-taxable","11":"product-type-simple"},"_links":{"self":[{"href":"https:\/\/www.climed.tn\/index.php?rest_route=\/wp\/v2\/product\/5638","targetHints":{"allow":["GET"]}}],"collection":[{"href":"https:\/\/www.climed.tn\/index.php?rest_route=\/wp\/v2\/product"}],"about":[{"href":"https:\/\/www.climed.tn\/index.php?rest_route=\/wp\/v2\/types\/product"}],"wp:featuredmedia":[{"embeddable":true,"href":"https:\/\/www.climed.tn\/index.php?rest_route=\/wp\/v2\/media\/5639"}],"wp:attachment":[{"href":"https:\/\/www.climed.tn\/index.php?rest_route=%2Fwp%2Fv2%2Fmedia&parent=5638"}],"wp:term":[{"taxonomy":"product_brand","embeddable":true,"href":"https:\/\/www.climed.tn\/index.php?rest_route=%2Fwp%2Fv2%2Fproduct_brand&post=5638"},{"taxonomy":"product_cat","embeddable":true,"href":"https:\/\/www.climed.tn\/index.php?rest_route=%2Fwp%2Fv2%2Fproduct_cat&post=5638"},{"taxonomy":"product_tag","embeddable":true,"href":"https:\/\/www.climed.tn\/index.php?rest_route=%2Fwp%2Fv2%2Fproduct_tag&post=5638"}],"curies":[{"name":"wp","href":"https:\/\/api.w.org\/{rel}","templated":true}]}}