{"id":5617,"date":"2020-10-28T13:15:56","date_gmt":"2020-10-28T12:15:56","guid":{"rendered":"https:\/\/www.climed.tn\/?post_type=product&#038;p=5617"},"modified":"2020-10-28T13:15:58","modified_gmt":"2020-10-28T12:15:58","slug":"hd-50-thermo-hygrometre","status":"publish","type":"product","link":"https:\/\/www.climed.tn\/?product=hd-50-thermo-hygrometre","title":{"rendered":"HD 50 : Thermo-hygrom\u00e8tre"},"content":{"rendered":"<p><span>Gamme de mesure : humidit\u00e9 : 5 \u00e0 95\u202f%HR, et temp\u00e9rature\u202f: -20 \u00e0 +70 \u00b0C<\/span><br \/>\n<span>Fonction Hold<\/span><br \/>\n<span>Auto-extinction\u202f: 20 minutes<\/span><br \/>\n<span>Simple d\u2019utilisation<\/span><br \/>\n<span>Sonde int\u00e9gr\u00e9e<\/span><br \/>\n<span>Certificat d\u2019ajustage<\/span><\/p>\n","protected":false},"excerpt":{"rendered":"<p><span>Le thermo-hygrom\u00e8tre portable HD 50 Kimo permet de mesurer facilement l\u2019humidit\u00e9 relative et la temp\u00e9rature.<\/span><\/p>\n","protected":false},"featured_media":5619,"template":"","meta":[],"product_brand":[],"product_cat":[137],"product_tag":[],"class_list":{"0":"post-5617","1":"product","2":"type-product","3":"status-publish","4":"has-post-thumbnail","6":"product_cat-hygrometres","8":"first","9":"instock","10":"shipping-taxable","11":"product-type-simple"},"_links":{"self":[{"href":"https:\/\/www.climed.tn\/index.php?rest_route=\/wp\/v2\/product\/5617","targetHints":{"allow":["GET"]}}],"collection":[{"href":"https:\/\/www.climed.tn\/index.php?rest_route=\/wp\/v2\/product"}],"about":[{"href":"https:\/\/www.climed.tn\/index.php?rest_route=\/wp\/v2\/types\/product"}],"wp:featuredmedia":[{"embeddable":true,"href":"https:\/\/www.climed.tn\/index.php?rest_route=\/wp\/v2\/media\/5619"}],"wp:attachment":[{"href":"https:\/\/www.climed.tn\/index.php?rest_route=%2Fwp%2Fv2%2Fmedia&parent=5617"}],"wp:term":[{"taxonomy":"product_brand","embeddable":true,"href":"https:\/\/www.climed.tn\/index.php?rest_route=%2Fwp%2Fv2%2Fproduct_brand&post=5617"},{"taxonomy":"product_cat","embeddable":true,"href":"https:\/\/www.climed.tn\/index.php?rest_route=%2Fwp%2Fv2%2Fproduct_cat&post=5617"},{"taxonomy":"product_tag","embeddable":true,"href":"https:\/\/www.climed.tn\/index.php?rest_route=%2Fwp%2Fv2%2Fproduct_tag&post=5617"}],"curies":[{"name":"wp","href":"https:\/\/api.w.org\/{rel}","templated":true}]}}