{"id":5603,"date":"2020-10-28T12:47:25","date_gmt":"2020-10-28T11:47:25","guid":{"rendered":"https:\/\/www.climed.tn\/?post_type=product&#038;p=5603"},"modified":"2020-10-28T12:47:28","modified_gmt":"2020-10-28T11:47:28","slug":"sp2nd-detecteur-personnel-de-gaz-nh3","status":"publish","type":"product","link":"https:\/\/www.climed.tn\/?product=sp2nd-detecteur-personnel-de-gaz-nh3","title":{"rendered":"SP2nd : D\u00e9tecteur personnel de gaz NH3"},"content":{"rendered":"<p><span>Grand \u00e9cran facile \u00e0 lire &#8211; affichage continu de la concentration de gaz en ppm<\/span><br \/>\n<span>Alarme sonore 90 dB et alarme rouge clignotante lumineux<\/span><br \/>\n<span>Affiche des valeurs VLE et VME<\/span><br \/>\n<span>Con\u00e7u pour une utilisation dans des environnements difficiles<\/span><br \/>\n<span>Vibreur int\u00e9gr\u00e9<\/span><br \/>\n<span>Utilisation mains libres<\/span><\/p>\n","protected":false},"excerpt":{"rendered":"<p>Un d\u00e9tecteur de gaz d\u00e9tecte un certain nombre de gaz diff\u00e9rents, notamment les gaz combustibles tels que les hydrocarbures, l\u2019hydrog\u00e8ne, l\u2019ammoniaque, etc.<br \/>\nLe SP2nd est un d\u00e9tecteur de gaz NH3 complet qui propose un affichage num\u00e9rique continu de la concentration en NH3 en ppm et active une alarme visuelle, vibrante et sonore lorsque les concentrations d\u00e9passent les seuils d&#8217;alarme.<\/p>\n","protected":false},"featured_media":5604,"template":"","meta":[],"product_brand":[],"product_cat":[78],"product_tag":[],"class_list":{"0":"post-5603","1":"product","2":"type-product","3":"status-publish","4":"has-post-thumbnail","6":"product_cat-detecteurs-de-gaz","8":"first","9":"instock","10":"shipping-taxable","11":"product-type-simple"},"_links":{"self":[{"href":"https:\/\/www.climed.tn\/index.php?rest_route=\/wp\/v2\/product\/5603","targetHints":{"allow":["GET"]}}],"collection":[{"href":"https:\/\/www.climed.tn\/index.php?rest_route=\/wp\/v2\/product"}],"about":[{"href":"https:\/\/www.climed.tn\/index.php?rest_route=\/wp\/v2\/types\/product"}],"wp:featuredmedia":[{"embeddable":true,"href":"https:\/\/www.climed.tn\/index.php?rest_route=\/wp\/v2\/media\/5604"}],"wp:attachment":[{"href":"https:\/\/www.climed.tn\/index.php?rest_route=%2Fwp%2Fv2%2Fmedia&parent=5603"}],"wp:term":[{"taxonomy":"product_brand","embeddable":true,"href":"https:\/\/www.climed.tn\/index.php?rest_route=%2Fwp%2Fv2%2Fproduct_brand&post=5603"},{"taxonomy":"product_cat","embeddable":true,"href":"https:\/\/www.climed.tn\/index.php?rest_route=%2Fwp%2Fv2%2Fproduct_cat&post=5603"},{"taxonomy":"product_tag","embeddable":true,"href":"https:\/\/www.climed.tn\/index.php?rest_route=%2Fwp%2Fv2%2Fproduct_tag&post=5603"}],"curies":[{"name":"wp","href":"https:\/\/api.w.org\/{rel}","templated":true}]}}