{"id":5586,"date":"2020-10-28T11:17:23","date_gmt":"2020-10-28T10:17:23","guid":{"rendered":"https:\/\/www.climed.tn\/?post_type=product&#038;p=5586"},"modified":"2020-10-28T11:33:47","modified_gmt":"2020-10-28T10:33:47","slug":"gp-500-1-gp-500-2-generateur-de-pression","status":"publish","type":"product","link":"https:\/\/www.climed.tn\/?product=gp-500-1-gp-500-2-generateur-de-pression","title":{"rendered":"GP 500-1 \/ GP 500-2 : G\u00e9n\u00e9rateur de pression"},"content":{"rendered":"<p><span>\u00c9talonnage sur site ou en laboratoire<\/span><br \/>\n<span>Mesure pr\u00e9cise et sans d\u00e9rive<\/span><br \/>\n<span>Rapide et stable<\/span><br \/>\n<span>Grand afficheur r\u00e9tro-\u00e9clair\u00e9<\/span><br \/>\n<span>Jusqu&#8217;\u00e0 20 programmes avec 20 valeurs de consignes par paliers<\/span><br \/>\n<span>Bo\u00eetier aluminium avec poign\u00e9e de transport r\u00e9glable<\/span><\/p>\n","protected":false},"excerpt":{"rendered":"<p><span>Destin\u00e9 aux professionnels de la m\u00e9trologie, un g\u00e9n\u00e9rateur de pression permet l&#8217;\u00e9talonnage d\u2019instruments de mesure en laboratoire ou sur site. Le GP 500 Kimo est l&#8217;instrument id\u00e9al pour l\u2019ajustage et la mesure de la pression dynamique. Il offre une gamme de mesure de -2500 \u00e0 +2500 Pa (GP 500-1) ou de -10 000 \u00e0 +10 000 Pa (GP 500-2).<\/span><\/p>\n","protected":false},"featured_media":5589,"template":"","meta":[],"product_brand":[],"product_cat":[71],"product_tag":[],"class_list":{"0":"post-5586","1":"product","2":"type-product","3":"status-publish","4":"has-post-thumbnail","6":"product_cat-bancs-de-calibration","8":"first","9":"instock","10":"shipping-taxable","11":"product-type-simple"},"_links":{"self":[{"href":"https:\/\/www.climed.tn\/index.php?rest_route=\/wp\/v2\/product\/5586","targetHints":{"allow":["GET"]}}],"collection":[{"href":"https:\/\/www.climed.tn\/index.php?rest_route=\/wp\/v2\/product"}],"about":[{"href":"https:\/\/www.climed.tn\/index.php?rest_route=\/wp\/v2\/types\/product"}],"wp:featuredmedia":[{"embeddable":true,"href":"https:\/\/www.climed.tn\/index.php?rest_route=\/wp\/v2\/media\/5589"}],"wp:attachment":[{"href":"https:\/\/www.climed.tn\/index.php?rest_route=%2Fwp%2Fv2%2Fmedia&parent=5586"}],"wp:term":[{"taxonomy":"product_brand","embeddable":true,"href":"https:\/\/www.climed.tn\/index.php?rest_route=%2Fwp%2Fv2%2Fproduct_brand&post=5586"},{"taxonomy":"product_cat","embeddable":true,"href":"https:\/\/www.climed.tn\/index.php?rest_route=%2Fwp%2Fv2%2Fproduct_cat&post=5586"},{"taxonomy":"product_tag","embeddable":true,"href":"https:\/\/www.climed.tn\/index.php?rest_route=%2Fwp%2Fv2%2Fproduct_tag&post=5586"}],"curies":[{"name":"wp","href":"https:\/\/api.w.org\/{rel}","templated":true}]}}