{"id":5563,"date":"2020-10-22T14:23:08","date_gmt":"2020-10-22T12:23:08","guid":{"rendered":"https:\/\/www.climed.tn\/?post_type=product&#038;p=5563"},"modified":"2025-11-10T15:42:08","modified_gmt":"2025-11-10T14:42:08","slug":"analyseur-de-combustion-ca-220-applications-tertiaires-industrielles","status":"publish","type":"product","link":"https:\/\/www.climed.tn\/?product=analyseur-de-combustion-ca-220-applications-tertiaires-industrielles","title":{"rendered":"Si-CA 230 : Analyseur\u202fde pointe,\u202fpr\u00eat pour l\u2019industriel"},"content":{"rendered":"<p><span>Dilution automatique du CO avec mesures jusqu\u2019\u00e0 50 000 ppm<\/span><br \/>\n<span>Peut calculer les NOx totaux et les NOx basse \u00e9chelle<\/span><br \/>\n<span>Cellules pr\u00e9-\u00e9talonn\u00e9es rempla\u00e7ables sur site<\/span><br \/>\n<span>Grand \u00e9cran tactile couleur<\/span><br \/>\n<span>Applications mobiles iOS et Android pour affichage et contr\u00f4le en temps r\u00e9el<\/span><br \/>\n<span>Jusqu&#8217;\u00e0 six cellules de gaz<\/span><\/p>\n","protected":false},"excerpt":{"rendered":"<p><span>Arm\u00e9 pour les machines \u00e0 combustion thermique\u202fles plus puissantes en milieu industriel, le\u00a0Si-CA\u00a0230 double son nombre de cellules et \u00e9largit son \u00e9ventail de mesures. Il prend en charge plus de gaz, avec une tol\u00e9rance tr\u00e8s \u00e9lev\u00e9e au CO. Il offre ainsi une polyvalence parfaite dans les trois secteurs domestiques,\u00a0tertiaires et industriels.\u202f\u00a0<\/span><\/p>\n","protected":false},"featured_media":5953,"template":"","meta":[],"product_brand":[],"product_cat":[135,134],"product_tag":[],"class_list":{"0":"post-5563","1":"product","2":"type-product","3":"status-publish","4":"has-post-thumbnail","6":"product_cat-analyseurs-de-combustion","7":"product_cat-combustion","9":"first","10":"instock","11":"shipping-taxable","12":"product-type-simple"},"_links":{"self":[{"href":"https:\/\/www.climed.tn\/index.php?rest_route=\/wp\/v2\/product\/5563","targetHints":{"allow":["GET"]}}],"collection":[{"href":"https:\/\/www.climed.tn\/index.php?rest_route=\/wp\/v2\/product"}],"about":[{"href":"https:\/\/www.climed.tn\/index.php?rest_route=\/wp\/v2\/types\/product"}],"wp:featuredmedia":[{"embeddable":true,"href":"https:\/\/www.climed.tn\/index.php?rest_route=\/wp\/v2\/media\/5953"}],"wp:attachment":[{"href":"https:\/\/www.climed.tn\/index.php?rest_route=%2Fwp%2Fv2%2Fmedia&parent=5563"}],"wp:term":[{"taxonomy":"product_brand","embeddable":true,"href":"https:\/\/www.climed.tn\/index.php?rest_route=%2Fwp%2Fv2%2Fproduct_brand&post=5563"},{"taxonomy":"product_cat","embeddable":true,"href":"https:\/\/www.climed.tn\/index.php?rest_route=%2Fwp%2Fv2%2Fproduct_cat&post=5563"},{"taxonomy":"product_tag","embeddable":true,"href":"https:\/\/www.climed.tn\/index.php?rest_route=%2Fwp%2Fv2%2Fproduct_tag&post=5563"}],"curies":[{"name":"wp","href":"https:\/\/api.w.org\/{rel}","templated":true}]}}