{"id":5546,"date":"2020-10-22T13:46:16","date_gmt":"2020-10-22T11:46:16","guid":{"rendered":"https:\/\/www.climed.tn\/?post_type=product&#038;p=5546"},"modified":"2023-12-19T16:13:31","modified_gmt":"2023-12-19T15:13:31","slug":"akivision-a-akivision-e","status":"publish","type":"product","link":"https:\/\/www.climed.tn\/?product=akivision-a-akivision-e","title":{"rendered":"Logiciel Sauermann Control"},"content":{"rendered":"","protected":false},"excerpt":{"rendered":"<h4 class=\"page__subtitle\">Pour capteurs-transmetteurs classe 320<\/h4>\n<p>G\u00e9rez tous les param\u00e8tres des transmetteurs Si-C320 et Si-CPE320 sur un ordinateur via un c\u00e2ble USB.<\/p>\n<ul>\n<li>Acc\u00e8s \u00e0 tous les param\u00e8tres et options des transmetteurs et de leurs sondes<\/li>\n<li>Visualisation des mesures en temps r\u00e9el<\/li>\n<li>Configuration des voies de mesures<\/li>\n<li>Configuration des sorties analogiques et num\u00e9riques<\/li>\n<li>Param\u00e9trage des seuils d\u2019alarmes<\/li>\n<li>Gestion des verrouillages de s\u00e9curit\u00e9<\/li>\n<li>Configuration compl\u00e8te de chaque sonde<\/li>\n<li>Programmation de la fr\u00e9quence de l\u2019autoz\u00e9ro<\/li>\n<li>Mises \u00e0 jour firmware en un clic<\/li>\n<\/ul>\n","protected":false},"featured_media":6076,"template":"","meta":[],"product_brand":[],"product_cat":[120,133],"product_tag":[],"class_list":{"0":"post-5546","1":"product","2":"type-product","3":"status-publish","4":"has-post-thumbnail","6":"product_cat-capteurs","7":"product_cat-logiciels-applications-capteurs","9":"first","10":"instock","11":"shipping-taxable","12":"product-type-simple"},"_links":{"self":[{"href":"https:\/\/www.climed.tn\/index.php?rest_route=\/wp\/v2\/product\/5546","targetHints":{"allow":["GET"]}}],"collection":[{"href":"https:\/\/www.climed.tn\/index.php?rest_route=\/wp\/v2\/product"}],"about":[{"href":"https:\/\/www.climed.tn\/index.php?rest_route=\/wp\/v2\/types\/product"}],"wp:featuredmedia":[{"embeddable":true,"href":"https:\/\/www.climed.tn\/index.php?rest_route=\/wp\/v2\/media\/6076"}],"wp:attachment":[{"href":"https:\/\/www.climed.tn\/index.php?rest_route=%2Fwp%2Fv2%2Fmedia&parent=5546"}],"wp:term":[{"taxonomy":"product_brand","embeddable":true,"href":"https:\/\/www.climed.tn\/index.php?rest_route=%2Fwp%2Fv2%2Fproduct_brand&post=5546"},{"taxonomy":"product_cat","embeddable":true,"href":"https:\/\/www.climed.tn\/index.php?rest_route=%2Fwp%2Fv2%2Fproduct_cat&post=5546"},{"taxonomy":"product_tag","embeddable":true,"href":"https:\/\/www.climed.tn\/index.php?rest_route=%2Fwp%2Fv2%2Fproduct_tag&post=5546"}],"curies":[{"name":"wp","href":"https:\/\/api.w.org\/{rel}","templated":true}]}}