{"id":5504,"date":"2020-10-22T11:04:07","date_gmt":"2020-10-22T09:04:07","guid":{"rendered":"https:\/\/www.climed.tn\/?post_type=product&#038;p=5504"},"modified":"2020-10-22T11:04:11","modified_gmt":"2020-10-22T09:04:11","slug":"lr-110-capteur-transmetteur-de-lumiere","status":"publish","type":"product","link":"https:\/\/www.climed.tn\/?product=lr-110-capteur-transmetteur-de-lumiere","title":{"rendered":"LR 110 : Capteur \/ transmetteur de lumi\u00e8re"},"content":{"rendered":"<p><span>Gamme de mesure : 0 \u00e0 10 000 lux<\/span><br \/>\n<span>Avec ou sans afficheur LCD 10 digits<\/span><br \/>\n<span>Configuration par logiciel ou par DIP switch<\/span><br \/>\n<span>Sortie 0-10 V ou 4-20 mA<\/span><br \/>\n<span>Bo\u00eetier avec syst\u00e8me de montage simplifi\u00e9<\/span><br \/>\n<span>Montage rapide et facile par syst\u00e8me \u00bc tour sur platine de fixation murale<\/span><\/p>\n","protected":false},"excerpt":{"rendered":"<p><span>Le\u00a0LR 110 Kimo\u00a0est un capteur de lumi\u00e8re qui g\u00e8re une gamme de mesure de 0 \u00e0 10 000 lux.<\/span><\/p>\n","protected":false},"featured_media":5505,"template":"","meta":[],"product_brand":[],"product_cat":[120,130],"product_tag":[],"class_list":{"0":"post-5504","1":"product","2":"type-product","3":"status-publish","4":"has-post-thumbnail","6":"product_cat-capteurs","7":"product_cat-capteurs-de-lumiere","9":"first","10":"instock","11":"shipping-taxable","12":"product-type-simple"},"_links":{"self":[{"href":"https:\/\/www.climed.tn\/index.php?rest_route=\/wp\/v2\/product\/5504","targetHints":{"allow":["GET"]}}],"collection":[{"href":"https:\/\/www.climed.tn\/index.php?rest_route=\/wp\/v2\/product"}],"about":[{"href":"https:\/\/www.climed.tn\/index.php?rest_route=\/wp\/v2\/types\/product"}],"wp:featuredmedia":[{"embeddable":true,"href":"https:\/\/www.climed.tn\/index.php?rest_route=\/wp\/v2\/media\/5505"}],"wp:attachment":[{"href":"https:\/\/www.climed.tn\/index.php?rest_route=%2Fwp%2Fv2%2Fmedia&parent=5504"}],"wp:term":[{"taxonomy":"product_brand","embeddable":true,"href":"https:\/\/www.climed.tn\/index.php?rest_route=%2Fwp%2Fv2%2Fproduct_brand&post=5504"},{"taxonomy":"product_cat","embeddable":true,"href":"https:\/\/www.climed.tn\/index.php?rest_route=%2Fwp%2Fv2%2Fproduct_cat&post=5504"},{"taxonomy":"product_tag","embeddable":true,"href":"https:\/\/www.climed.tn\/index.php?rest_route=%2Fwp%2Fv2%2Fproduct_tag&post=5504"}],"curies":[{"name":"wp","href":"https:\/\/api.w.org\/{rel}","templated":true}]}}