{"id":5471,"date":"2020-10-22T10:01:09","date_gmt":"2020-10-22T08:01:09","guid":{"rendered":"https:\/\/www.climed.tn\/?post_type=product&#038;p=5471"},"modified":"2020-10-22T10:01:13","modified_gmt":"2020-10-22T08:01:13","slug":"co-112-capteur-transmetteur-de-co2","status":"publish","type":"product","link":"https:\/\/www.climed.tn\/?product=co-112-capteur-transmetteur-de-co2","title":{"rendered":"CO 112 : Capteur \/ transmetteur de CO2"},"content":{"rendered":"<p><span>Gamme de mesure : 0 \u00e0 5000 ppm<\/span><br \/>\n<span>Avec ou sans afficheur LCD 10 digits<\/span><br \/>\n<span>Configuration par logiciel ou par DIP switch<\/span><br \/>\n<span>Sortie 0-10 V ou 4-20 mA<\/span><br \/>\n<span>Bo\u00eetier avec syst\u00e8me de montage simplifi\u00e9<\/span><br \/>\n<span>Montage rapide et facile par syst\u00e8me \u00bc tour sur platine de fixation murale<\/span><\/p>\n","protected":false},"excerpt":{"rendered":"<p>Un capteur de CO2 permet de mesurer le dioxyde de carbone.<br \/>\nLe CO 112 Kimo mesure le CO2 de 0 \u00e0 5000 ppm.<\/p>\n","protected":false},"featured_media":5472,"template":"","meta":[],"product_brand":[],"product_cat":[120,126],"product_tag":[],"class_list":{"0":"post-5471","1":"product","2":"type-product","3":"status-publish","4":"has-post-thumbnail","6":"product_cat-capteurs","7":"product_cat-capteurs-de-co2","9":"first","10":"instock","11":"shipping-taxable","12":"product-type-simple"},"_links":{"self":[{"href":"https:\/\/www.climed.tn\/index.php?rest_route=\/wp\/v2\/product\/5471","targetHints":{"allow":["GET"]}}],"collection":[{"href":"https:\/\/www.climed.tn\/index.php?rest_route=\/wp\/v2\/product"}],"about":[{"href":"https:\/\/www.climed.tn\/index.php?rest_route=\/wp\/v2\/types\/product"}],"wp:featuredmedia":[{"embeddable":true,"href":"https:\/\/www.climed.tn\/index.php?rest_route=\/wp\/v2\/media\/5472"}],"wp:attachment":[{"href":"https:\/\/www.climed.tn\/index.php?rest_route=%2Fwp%2Fv2%2Fmedia&parent=5471"}],"wp:term":[{"taxonomy":"product_brand","embeddable":true,"href":"https:\/\/www.climed.tn\/index.php?rest_route=%2Fwp%2Fv2%2Fproduct_brand&post=5471"},{"taxonomy":"product_cat","embeddable":true,"href":"https:\/\/www.climed.tn\/index.php?rest_route=%2Fwp%2Fv2%2Fproduct_cat&post=5471"},{"taxonomy":"product_tag","embeddable":true,"href":"https:\/\/www.climed.tn\/index.php?rest_route=%2Fwp%2Fv2%2Fproduct_tag&post=5471"}],"curies":[{"name":"wp","href":"https:\/\/api.w.org\/{rel}","templated":true}]}}