{"id":5468,"date":"2020-10-22T09:53:23","date_gmt":"2020-10-22T07:53:23","guid":{"rendered":"https:\/\/www.climed.tn\/?post_type=product&#038;p=5468"},"modified":"2020-10-22T09:53:26","modified_gmt":"2020-10-22T07:53:26","slug":"tst-thermostats","status":"publish","type":"product","link":"https:\/\/www.climed.tn\/?product=tst-thermostats","title":{"rendered":"TST : Thermostats"},"content":{"rendered":"<p><span>Gamme de mesure : 0 \u00e0 +50 \u00b0C pour le mod\u00e8le ambiant, -20 \u00e0 +80 \u00b0C pour le mod\u00e8le arri\u00e8re, et -100 \u00e0 +400 \u00b0C pour le mod\u00e8le avec bornier<\/span><br \/>\n<span>Un relais inverseur 3A\/230 Vac<\/span><br \/>\n<span>Configuration par logiciel ou par DIP switch<\/span><br \/>\n<span>Afficheur LCD 10 digits<\/span><br \/>\n<span>LED rouge en fa\u00e7ade<\/span><br \/>\n<span>Montage rapide et facile par syst\u00e8me \u00bc tour sur platine de fixation murale<\/span><\/p>\n","protected":false},"excerpt":{"rendered":"<p>Un thermostat est un instrument qui d\u00e9tecte la temp\u00e9rature d\u2019un syst\u00e8me pour la maintenir proche d\u2019une valeur pr\u00e9d\u00e9termin\u00e9e.<br \/>\nLe thermostat TST Kimo offre une gamme de mesure de 0 \u00e0 +50 \u00b0C pour le mod\u00e8le ambiant, -20 \u00e0 +80 \u00b0C pour le mod\u00e8le arri\u00e8re, et -100 \u00e0 +400 \u00b0C pour le mod\u00e8le avec bornier.<\/p>\n","protected":false},"featured_media":5470,"template":"","meta":[],"product_brand":[],"product_cat":[120,125],"product_tag":[],"class_list":{"0":"post-5468","1":"product","2":"type-product","3":"status-publish","4":"has-post-thumbnail","6":"product_cat-capteurs","7":"product_cat-capteurs-de-temperature","9":"first","10":"instock","11":"shipping-taxable","12":"product-type-simple"},"_links":{"self":[{"href":"https:\/\/www.climed.tn\/index.php?rest_route=\/wp\/v2\/product\/5468","targetHints":{"allow":["GET"]}}],"collection":[{"href":"https:\/\/www.climed.tn\/index.php?rest_route=\/wp\/v2\/product"}],"about":[{"href":"https:\/\/www.climed.tn\/index.php?rest_route=\/wp\/v2\/types\/product"}],"wp:featuredmedia":[{"embeddable":true,"href":"https:\/\/www.climed.tn\/index.php?rest_route=\/wp\/v2\/media\/5470"}],"wp:attachment":[{"href":"https:\/\/www.climed.tn\/index.php?rest_route=%2Fwp%2Fv2%2Fmedia&parent=5468"}],"wp:term":[{"taxonomy":"product_brand","embeddable":true,"href":"https:\/\/www.climed.tn\/index.php?rest_route=%2Fwp%2Fv2%2Fproduct_brand&post=5468"},{"taxonomy":"product_cat","embeddable":true,"href":"https:\/\/www.climed.tn\/index.php?rest_route=%2Fwp%2Fv2%2Fproduct_cat&post=5468"},{"taxonomy":"product_tag","embeddable":true,"href":"https:\/\/www.climed.tn\/index.php?rest_route=%2Fwp%2Fv2%2Fproduct_tag&post=5468"}],"curies":[{"name":"wp","href":"https:\/\/api.w.org\/{rel}","templated":true}]}}