{"id":5450,"date":"2020-10-22T09:35:06","date_gmt":"2020-10-22T07:35:06","guid":{"rendered":"https:\/\/www.climed.tn\/?post_type=product&#038;p=5450"},"modified":"2020-10-22T09:35:59","modified_gmt":"2020-10-22T07:35:59","slug":"tm-210-r-capteur-de-temperature","status":"publish","type":"product","link":"https:\/\/www.climed.tn\/?product=tm-210-r-capteur-de-temperature","title":{"rendered":"TM 210-R : Capteur de temp\u00e9rature"},"content":{"rendered":"<p><span>Gammes de mesure : Mod\u00e8le ambiant : -20 \u00e0 +80 \u00b0C, et mod\u00e8le avec bornier : -100 \u00e0 +400 \u00b0C<\/span><br \/>\n<span>Deux sorties relais<\/span><br \/>\n<span>Montage rapide et facile par syst\u00e8me \u00bc tour sur platine de fixation murale<\/span><br \/>\n<span>Avec ou sans afficheur LCD 19 digits 2 lignes<\/span><br \/>\n<span>Sortie 0-5\/10 V ou 0\/4-20 mA<\/span><br \/>\n<span>Certificat d\u2019ajustage<\/span><\/p>\n","protected":false},"excerpt":{"rendered":"<div class=\"clearfix text-formatted field field--name-field-description field--type-text-long field--label-hidden field__item\">\n<p>Le TM 210-R Kimo peut prendre jusqu\u2019\u00e0 deux mesures de temp\u00e9rature.<\/p>\n<\/div>\n","protected":false},"featured_media":5453,"template":"","meta":[],"product_brand":[],"product_cat":[120,125],"product_tag":[],"class_list":{"0":"post-5450","1":"product","2":"type-product","3":"status-publish","4":"has-post-thumbnail","6":"product_cat-capteurs","7":"product_cat-capteurs-de-temperature","9":"first","10":"instock","11":"shipping-taxable","12":"product-type-simple"},"_links":{"self":[{"href":"https:\/\/www.climed.tn\/index.php?rest_route=\/wp\/v2\/product\/5450","targetHints":{"allow":["GET"]}}],"collection":[{"href":"https:\/\/www.climed.tn\/index.php?rest_route=\/wp\/v2\/product"}],"about":[{"href":"https:\/\/www.climed.tn\/index.php?rest_route=\/wp\/v2\/types\/product"}],"wp:featuredmedia":[{"embeddable":true,"href":"https:\/\/www.climed.tn\/index.php?rest_route=\/wp\/v2\/media\/5453"}],"wp:attachment":[{"href":"https:\/\/www.climed.tn\/index.php?rest_route=%2Fwp%2Fv2%2Fmedia&parent=5450"}],"wp:term":[{"taxonomy":"product_brand","embeddable":true,"href":"https:\/\/www.climed.tn\/index.php?rest_route=%2Fwp%2Fv2%2Fproduct_brand&post=5450"},{"taxonomy":"product_cat","embeddable":true,"href":"https:\/\/www.climed.tn\/index.php?rest_route=%2Fwp%2Fv2%2Fproduct_cat&post=5450"},{"taxonomy":"product_tag","embeddable":true,"href":"https:\/\/www.climed.tn\/index.php?rest_route=%2Fwp%2Fv2%2Fproduct_tag&post=5450"}],"curies":[{"name":"wp","href":"https:\/\/api.w.org\/{rel}","templated":true}]}}