{"id":5408,"date":"2020-10-21T16:25:40","date_gmt":"2020-10-21T14:25:40","guid":{"rendered":"https:\/\/www.climed.tn\/?post_type=product&#038;p=5408"},"modified":"2020-10-21T16:53:56","modified_gmt":"2020-10-21T14:53:56","slug":"hst-hygrostat","status":"publish","type":"product","link":"https:\/\/www.climed.tn\/?product=hst-hygrostat","title":{"rendered":"HST : Hygrostat"},"content":{"rendered":"<p><span>Gamme de mesure : 5 \u00e0 95 %HR<\/span><br \/>\n<span>Afficheur LCD 10 digits<\/span><br \/>\n<span>LED rouge en fa\u00e7ade<\/span><br \/>\n<span>Temp\u00e9rature : mod\u00e8le ambiant : 0 \u00e0 +50 \u00b0C, mod\u00e8le arri\u00e8re : -20 \u00e0 +80 \u00b0C, et mod\u00e8le d\u00e9port\u00e9 : -20 \u00e0 +80 \u00b0C<\/span><br \/>\n<span>Un relais inverseur 3A\/230 Vac<\/span><br \/>\n<span>Configuration par logiciel ou par DIP switch<\/span><\/p>\n","protected":false},"excerpt":{"rendered":"<p>Un hygrostat est un instrument destin\u00e9 \u00e0 la mesure et au contr\u00f4le de l\u2019humidit\u00e9.<br \/>\nLe HST Kimo affiche en alternance la temp\u00e9rature et l\u2019humidit\u00e9, et poss\u00e8de un relais programmable sur deux seuils d&#8217;humidit\u00e9 relative.<\/p>\n","protected":false},"featured_media":5410,"template":"","meta":[],"product_brand":[],"product_cat":[120,123],"product_tag":[],"class_list":{"0":"post-5408","1":"product","2":"type-product","3":"status-publish","4":"has-post-thumbnail","6":"product_cat-capteurs","7":"product_cat-capteurs-dhumidite","9":"first","10":"instock","11":"shipping-taxable","12":"product-type-simple"},"_links":{"self":[{"href":"https:\/\/www.climed.tn\/index.php?rest_route=\/wp\/v2\/product\/5408","targetHints":{"allow":["GET"]}}],"collection":[{"href":"https:\/\/www.climed.tn\/index.php?rest_route=\/wp\/v2\/product"}],"about":[{"href":"https:\/\/www.climed.tn\/index.php?rest_route=\/wp\/v2\/types\/product"}],"wp:featuredmedia":[{"embeddable":true,"href":"https:\/\/www.climed.tn\/index.php?rest_route=\/wp\/v2\/media\/5410"}],"wp:attachment":[{"href":"https:\/\/www.climed.tn\/index.php?rest_route=%2Fwp%2Fv2%2Fmedia&parent=5408"}],"wp:term":[{"taxonomy":"product_brand","embeddable":true,"href":"https:\/\/www.climed.tn\/index.php?rest_route=%2Fwp%2Fv2%2Fproduct_brand&post=5408"},{"taxonomy":"product_cat","embeddable":true,"href":"https:\/\/www.climed.tn\/index.php?rest_route=%2Fwp%2Fv2%2Fproduct_cat&post=5408"},{"taxonomy":"product_tag","embeddable":true,"href":"https:\/\/www.climed.tn\/index.php?rest_route=%2Fwp%2Fv2%2Fproduct_tag&post=5408"}],"curies":[{"name":"wp","href":"https:\/\/api.w.org\/{rel}","templated":true}]}}