{"id":5385,"date":"2020-10-21T15:57:00","date_gmt":"2020-10-21T13:57:00","guid":{"rendered":"https:\/\/www.climed.tn\/?post_type=product&#038;p=5385"},"modified":"2020-10-21T15:57:04","modified_gmt":"2020-10-21T13:57:04","slug":"cp-210-r-capteur-de-pression-differentielle-de-temperature","status":"publish","type":"product","link":"https:\/\/www.climed.tn\/?product=cp-210-r-capteur-de-pression-differentielle-de-temperature","title":{"rendered":"CP 210-R : Capteur de pression diff\u00e9rentielle et de temp\u00e9rature"},"content":{"rendered":"<p><span>Gamme de mesure : CP 211 : -100 \u00e0 +100 Pa, CP 212 : -1000 \u00e0 +1000 Pa, et CP 213 : -10 000 \u00e0 +10 000 Pa<\/span><br \/>\n<span>Sortie 0-5\/10 V ou 0\/4-20 mA<\/span><br \/>\n<span>Auto-z\u00e9ro automatique<\/span><br \/>\n<span>Electrovanne d\u2019auto-calibration (CP211\/212)<\/span><br \/>\n<span>Deux sorties relais<\/span><br \/>\n<span>Montage rapide et facile par syst\u00e8me \u00bc tour sur platine de fixation murale<\/span><\/p>\n","protected":false},"excerpt":{"rendered":"<p><span>Le CP 210-R mesure la pression diff\u00e9rentielle de l\u2019air (et des gaz neutres) et peut calculer la vitesse et le d\u00e9bit de l&#8217;air. Il est id\u00e9al pour des applications dans l\u2019industrie, notamment l\u2019industrie pharmaceutique.<\/span><\/p>\n","protected":false},"featured_media":5386,"template":"","meta":[],"product_brand":[],"product_cat":[120,121],"product_tag":[],"class_list":{"0":"post-5385","1":"product","2":"type-product","3":"status-publish","4":"has-post-thumbnail","6":"product_cat-capteurs","7":"product_cat-capteurs-de-pression","9":"first","10":"instock","11":"shipping-taxable","12":"product-type-simple"},"_links":{"self":[{"href":"https:\/\/www.climed.tn\/index.php?rest_route=\/wp\/v2\/product\/5385","targetHints":{"allow":["GET"]}}],"collection":[{"href":"https:\/\/www.climed.tn\/index.php?rest_route=\/wp\/v2\/product"}],"about":[{"href":"https:\/\/www.climed.tn\/index.php?rest_route=\/wp\/v2\/types\/product"}],"wp:featuredmedia":[{"embeddable":true,"href":"https:\/\/www.climed.tn\/index.php?rest_route=\/wp\/v2\/media\/5386"}],"wp:attachment":[{"href":"https:\/\/www.climed.tn\/index.php?rest_route=%2Fwp%2Fv2%2Fmedia&parent=5385"}],"wp:term":[{"taxonomy":"product_brand","embeddable":true,"href":"https:\/\/www.climed.tn\/index.php?rest_route=%2Fwp%2Fv2%2Fproduct_brand&post=5385"},{"taxonomy":"product_cat","embeddable":true,"href":"https:\/\/www.climed.tn\/index.php?rest_route=%2Fwp%2Fv2%2Fproduct_cat&post=5385"},{"taxonomy":"product_tag","embeddable":true,"href":"https:\/\/www.climed.tn\/index.php?rest_route=%2Fwp%2Fv2%2Fproduct_tag&post=5385"}],"curies":[{"name":"wp","href":"https:\/\/api.w.org\/{rel}","templated":true}]}}