{"id":5379,"date":"2020-10-21T15:49:46","date_gmt":"2020-10-21T13:49:46","guid":{"rendered":"https:\/\/www.climed.tn\/?post_type=product&#038;p=5379"},"modified":"2020-10-21T15:49:52","modified_gmt":"2020-10-21T13:49:52","slug":"cp-114-cp-115-capteur-de-pression-differentielle","status":"publish","type":"product","link":"https:\/\/www.climed.tn\/?product=cp-114-cp-115-capteur-de-pression-differentielle","title":{"rendered":"CP 114 \/ CP 115 : Capteur de pression diff\u00e9rentielle"},"content":{"rendered":"<p><span>\u00c9chelles interm\u00e9diaires configurables<\/span><br \/>\n<span>Avec ou sans afficheur LCD 10 digits<\/span><br \/>\n<span>Bo\u00eetier avec syst\u00e8me de montage simplifi\u00e9<\/span><br \/>\n<span>Sortie 0-10 V ou 4-20 mA<\/span><br \/>\n<span>Montage \u00bc tour sur platine de fixation murale<\/span><br \/>\n<span>Configuration par logiciel ou par DIP switch<\/span><\/p>\n","protected":false},"excerpt":{"rendered":"<p><span>Le CP 114 \/ 115 Kimo\u00a0mesure la pression de -500\/+500 mbar \u00e0 -2000\/+2000 mbar.<\/span><\/p>\n","protected":false},"featured_media":5380,"template":"","meta":[],"product_brand":[],"product_cat":[120,121],"product_tag":[],"class_list":{"0":"post-5379","1":"product","2":"type-product","3":"status-publish","4":"has-post-thumbnail","6":"product_cat-capteurs","7":"product_cat-capteurs-de-pression","9":"first","10":"instock","11":"shipping-taxable","12":"product-type-simple"},"_links":{"self":[{"href":"https:\/\/www.climed.tn\/index.php?rest_route=\/wp\/v2\/product\/5379","targetHints":{"allow":["GET"]}}],"collection":[{"href":"https:\/\/www.climed.tn\/index.php?rest_route=\/wp\/v2\/product"}],"about":[{"href":"https:\/\/www.climed.tn\/index.php?rest_route=\/wp\/v2\/types\/product"}],"wp:featuredmedia":[{"embeddable":true,"href":"https:\/\/www.climed.tn\/index.php?rest_route=\/wp\/v2\/media\/5380"}],"wp:attachment":[{"href":"https:\/\/www.climed.tn\/index.php?rest_route=%2Fwp%2Fv2%2Fmedia&parent=5379"}],"wp:term":[{"taxonomy":"product_brand","embeddable":true,"href":"https:\/\/www.climed.tn\/index.php?rest_route=%2Fwp%2Fv2%2Fproduct_brand&post=5379"},{"taxonomy":"product_cat","embeddable":true,"href":"https:\/\/www.climed.tn\/index.php?rest_route=%2Fwp%2Fv2%2Fproduct_cat&post=5379"},{"taxonomy":"product_tag","embeddable":true,"href":"https:\/\/www.climed.tn\/index.php?rest_route=%2Fwp%2Fv2%2Fproduct_tag&post=5379"}],"curies":[{"name":"wp","href":"https:\/\/api.w.org\/{rel}","templated":true}]}}