{"id":5366,"date":"2020-10-21T14:52:29","date_gmt":"2020-10-21T12:52:29","guid":{"rendered":"https:\/\/www.climed.tn\/?post_type=product&#038;p=5366"},"modified":"2020-10-21T14:52:33","modified_gmt":"2020-10-21T12:52:33","slug":"cp-116-capteur-de-pression-atmospherique","status":"publish","type":"product","link":"https:\/\/www.climed.tn\/?product=cp-116-capteur-de-pression-atmospherique","title":{"rendered":"CP 116 : Capteur de pression atmosph\u00e9rique"},"content":{"rendered":"<p><span>Gamme de mesure : 800 \u00e0 1100 hPa<\/span><br \/>\n<span>Avec ou sans afficheur LCD 10 digits<\/span><br \/>\n<span>Configuration par logiciel ou par DIP switch<\/span><br \/>\n<span>Sortie 0-10 V ou 4-20 mA<\/span><br \/>\n<span>Bo\u00eetier avec syst\u00e8me de montage simplifi\u00e9<\/span><br \/>\n<span>Montage rapide et facile par syst\u00e8me \u00bc tour sur platine de fixation murale<\/span><\/p>\n","protected":false},"excerpt":{"rendered":"<p><span>Le CP 116 Kimo\u00a0mesure la pression atmosph\u00e9rique de l\u2019air avec la gamme de mesure : 800 \u00e0 1100 hPa.<\/span><\/p>\n","protected":false},"featured_media":5367,"template":"","meta":[],"product_brand":[],"product_cat":[120,121],"product_tag":[],"class_list":{"0":"post-5366","1":"product","2":"type-product","3":"status-publish","4":"has-post-thumbnail","6":"product_cat-capteurs","7":"product_cat-capteurs-de-pression","9":"first","10":"instock","11":"shipping-taxable","12":"product-type-simple"},"_links":{"self":[{"href":"https:\/\/www.climed.tn\/index.php?rest_route=\/wp\/v2\/product\/5366","targetHints":{"allow":["GET"]}}],"collection":[{"href":"https:\/\/www.climed.tn\/index.php?rest_route=\/wp\/v2\/product"}],"about":[{"href":"https:\/\/www.climed.tn\/index.php?rest_route=\/wp\/v2\/types\/product"}],"wp:featuredmedia":[{"embeddable":true,"href":"https:\/\/www.climed.tn\/index.php?rest_route=\/wp\/v2\/media\/5367"}],"wp:attachment":[{"href":"https:\/\/www.climed.tn\/index.php?rest_route=%2Fwp%2Fv2%2Fmedia&parent=5366"}],"wp:term":[{"taxonomy":"product_brand","embeddable":true,"href":"https:\/\/www.climed.tn\/index.php?rest_route=%2Fwp%2Fv2%2Fproduct_brand&post=5366"},{"taxonomy":"product_cat","embeddable":true,"href":"https:\/\/www.climed.tn\/index.php?rest_route=%2Fwp%2Fv2%2Fproduct_cat&post=5366"},{"taxonomy":"product_tag","embeddable":true,"href":"https:\/\/www.climed.tn\/index.php?rest_route=%2Fwp%2Fv2%2Fproduct_tag&post=5366"}],"curies":[{"name":"wp","href":"https:\/\/api.w.org\/{rel}","templated":true}]}}