{"id":5341,"date":"2020-10-21T14:10:17","date_gmt":"2020-10-21T12:10:17","guid":{"rendered":"https:\/\/www.climed.tn\/?post_type=product&#038;p=5341"},"modified":"2020-10-21T14:10:19","modified_gmt":"2020-10-21T12:10:19","slug":"navette-de-recuperation-donnees-knt-320-enregistreurs-kistock","status":"publish","type":"product","link":"https:\/\/www.climed.tn\/?product=navette-de-recuperation-donnees-knt-320-enregistreurs-kistock","title":{"rendered":"Navette de r\u00e9cup\u00e9ration des donn\u00e9es KNT 320 : Pour enregistreurs Kistock"},"content":{"rendered":"<p><span>Capacit\u00e9 m\u00e9moire jusqu\u2019\u00e0 20 000 000 points<\/span><br \/>\n<span>Connecteur USB int\u00e9gr\u00e9<\/span><br \/>\n<span>Batterie rechargeable par connexion USB sur PC<\/span><br \/>\n<span>Possibilit\u00e9 d\u2019envoyer une nouvelle configuration et de d\u00e9marrer une nouvelle campagne de mesure<\/span><br \/>\n<span>Transfert rapide des donn\u00e9es (1 minute maximum)<\/span><\/p>\n","protected":false},"excerpt":{"rendered":"<p><span>La navette de r\u00e9cup\u00e9ration de donn\u00e9es KNT 320 permet de stocker et de r\u00e9cup\u00e9rer les donn\u00e9es des enregistreurs Kistock.<\/span><\/p>\n","protected":false},"featured_media":5342,"template":"","meta":[],"product_brand":[],"product_cat":[119,74],"product_tag":[],"class_list":{"0":"post-5341","1":"product","2":"type-product","3":"status-publish","4":"has-post-thumbnail","6":"product_cat-accessoires-enregistreurs","7":"product_cat-enregistreurs","9":"first","10":"instock","11":"shipping-taxable","12":"product-type-simple"},"_links":{"self":[{"href":"https:\/\/www.climed.tn\/index.php?rest_route=\/wp\/v2\/product\/5341","targetHints":{"allow":["GET"]}}],"collection":[{"href":"https:\/\/www.climed.tn\/index.php?rest_route=\/wp\/v2\/product"}],"about":[{"href":"https:\/\/www.climed.tn\/index.php?rest_route=\/wp\/v2\/types\/product"}],"wp:featuredmedia":[{"embeddable":true,"href":"https:\/\/www.climed.tn\/index.php?rest_route=\/wp\/v2\/media\/5342"}],"wp:attachment":[{"href":"https:\/\/www.climed.tn\/index.php?rest_route=%2Fwp%2Fv2%2Fmedia&parent=5341"}],"wp:term":[{"taxonomy":"product_brand","embeddable":true,"href":"https:\/\/www.climed.tn\/index.php?rest_route=%2Fwp%2Fv2%2Fproduct_brand&post=5341"},{"taxonomy":"product_cat","embeddable":true,"href":"https:\/\/www.climed.tn\/index.php?rest_route=%2Fwp%2Fv2%2Fproduct_cat&post=5341"},{"taxonomy":"product_tag","embeddable":true,"href":"https:\/\/www.climed.tn\/index.php?rest_route=%2Fwp%2Fv2%2Fproduct_tag&post=5341"}],"curies":[{"name":"wp","href":"https:\/\/api.w.org\/{rel}","templated":true}]}}