{"id":5307,"date":"2020-10-21T13:24:16","date_gmt":"2020-10-21T11:24:16","guid":{"rendered":"https:\/\/www.climed.tn\/?post_type=product&#038;p=5307"},"modified":"2020-10-21T13:24:20","modified_gmt":"2020-10-21T11:24:20","slug":"tracklog-app","status":"publish","type":"product","link":"https:\/\/www.climed.tn\/?product=tracklog-app","title":{"rendered":"TrackLog App"},"content":{"rendered":"<div class=\"product__benefit\">\n<div class=\"text\">Facile d&#8217;utilisation<\/div>\n<\/div>\n<div class=\"product__benefit\"><span>Alarmes et alertes configurables par ordinateur, mail et SMS<\/span><\/div>\n<div><span>Usage multi-sites &amp; contr\u00f4le \u00e0 distance<\/span><\/div>\n<div><span>Donn\u00e9es s\u00e9curis\u00e9es, accessibles et exportables pour faciliter les rapports d\u2019audit\u202f<\/span><\/div>\n","protected":false},"excerpt":{"rendered":"<p><span>La gamme d&#8217;enregistreurs de donn\u00e9es TrackLog est accompagn\u00e9e de sa propre application web et mobile qui donne la possibilit\u00e9 aux utilisateurs de contr\u00f4ler et exporter les param\u00e8tres s\u00e9lectionn\u00e9s facilement et en temps r\u00e9el.<\/span><\/p>\n","protected":false},"featured_media":5308,"template":"","meta":[],"product_brand":[],"product_cat":[74,118],"product_tag":[],"class_list":{"0":"post-5307","1":"product","2":"type-product","3":"status-publish","4":"has-post-thumbnail","6":"product_cat-enregistreurs","7":"product_cat-logiciels-applications","9":"first","10":"instock","11":"shipping-taxable","12":"product-type-simple"},"_links":{"self":[{"href":"https:\/\/www.climed.tn\/index.php?rest_route=\/wp\/v2\/product\/5307","targetHints":{"allow":["GET"]}}],"collection":[{"href":"https:\/\/www.climed.tn\/index.php?rest_route=\/wp\/v2\/product"}],"about":[{"href":"https:\/\/www.climed.tn\/index.php?rest_route=\/wp\/v2\/types\/product"}],"wp:featuredmedia":[{"embeddable":true,"href":"https:\/\/www.climed.tn\/index.php?rest_route=\/wp\/v2\/media\/5308"}],"wp:attachment":[{"href":"https:\/\/www.climed.tn\/index.php?rest_route=%2Fwp%2Fv2%2Fmedia&parent=5307"}],"wp:term":[{"taxonomy":"product_brand","embeddable":true,"href":"https:\/\/www.climed.tn\/index.php?rest_route=%2Fwp%2Fv2%2Fproduct_brand&post=5307"},{"taxonomy":"product_cat","embeddable":true,"href":"https:\/\/www.climed.tn\/index.php?rest_route=%2Fwp%2Fv2%2Fproduct_cat&post=5307"},{"taxonomy":"product_tag","embeddable":true,"href":"https:\/\/www.climed.tn\/index.php?rest_route=%2Fwp%2Fv2%2Fproduct_tag&post=5307"}],"curies":[{"name":"wp","href":"https:\/\/api.w.org\/{rel}","templated":true}]}}