{"id":5275,"date":"2020-10-21T12:17:24","date_gmt":"2020-10-21T10:17:24","guid":{"rendered":"https:\/\/www.climed.tn\/?post_type=product&#038;p=5275"},"modified":"2020-10-21T12:56:00","modified_gmt":"2020-10-21T10:56:00","slug":"sondes-de-temperature-ctn","status":"publish","type":"product","link":"https:\/\/www.climed.tn\/?product=sondes-de-temperature-ctn","title":{"rendered":"Sondes de temp\u00e9rature CTN : Pour Kistock classe 220"},"content":{"rendered":"","protected":false},"excerpt":{"rendered":"<p><span>Les sondes de temp\u00e9rature Kimo sont adapt\u00e9es \u00e0 de nombreuses applications diff\u00e9rentes.<\/span><\/p>\n","protected":false},"featured_media":5276,"template":"","meta":[],"product_brand":[],"product_cat":[74,115],"product_tag":[],"class_list":{"0":"post-5275","1":"product","2":"type-product","3":"status-publish","4":"has-post-thumbnail","6":"product_cat-enregistreurs","7":"product_cat-sondes","9":"first","10":"instock","11":"shipping-taxable","12":"product-type-simple"},"_links":{"self":[{"href":"https:\/\/www.climed.tn\/index.php?rest_route=\/wp\/v2\/product\/5275","targetHints":{"allow":["GET"]}}],"collection":[{"href":"https:\/\/www.climed.tn\/index.php?rest_route=\/wp\/v2\/product"}],"about":[{"href":"https:\/\/www.climed.tn\/index.php?rest_route=\/wp\/v2\/types\/product"}],"wp:featuredmedia":[{"embeddable":true,"href":"https:\/\/www.climed.tn\/index.php?rest_route=\/wp\/v2\/media\/5276"}],"wp:attachment":[{"href":"https:\/\/www.climed.tn\/index.php?rest_route=%2Fwp%2Fv2%2Fmedia&parent=5275"}],"wp:term":[{"taxonomy":"product_brand","embeddable":true,"href":"https:\/\/www.climed.tn\/index.php?rest_route=%2Fwp%2Fv2%2Fproduct_brand&post=5275"},{"taxonomy":"product_cat","embeddable":true,"href":"https:\/\/www.climed.tn\/index.php?rest_route=%2Fwp%2Fv2%2Fproduct_cat&post=5275"},{"taxonomy":"product_tag","embeddable":true,"href":"https:\/\/www.climed.tn\/index.php?rest_route=%2Fwp%2Fv2%2Fproduct_tag&post=5275"}],"curies":[{"name":"wp","href":"https:\/\/api.w.org\/{rel}","templated":true}]}}