{"id":5255,"date":"2020-10-21T11:11:58","date_gmt":"2020-10-21T09:11:58","guid":{"rendered":"https:\/\/www.climed.tn\/?post_type=product&#038;p=5255"},"modified":"2020-10-21T12:54:50","modified_gmt":"2020-10-21T10:54:50","slug":"sonde-de-lumiere","status":"publish","type":"product","link":"https:\/\/www.climed.tn\/?product=sonde-de-lumiere","title":{"rendered":"Sonde de lumi\u00e8re : Pour Kistock KTU-RF"},"content":{"rendered":"","protected":false},"excerpt":{"rendered":"<p><span>Les sondes de lumi\u00e8re Kimo sont destin\u00e9es au contr\u00f4le et \u00e0 la surveillance de l&#8217;\u00e9clairement de b\u00e2timents tels que bureaux, postes de travail, installations sportives, parkings, centres commerciaux, etc.<\/span><\/p>\n","protected":false},"featured_media":5256,"template":"","meta":[],"product_brand":[],"product_cat":[74,115],"product_tag":[],"class_list":{"0":"post-5255","1":"product","2":"type-product","3":"status-publish","4":"has-post-thumbnail","6":"product_cat-enregistreurs","7":"product_cat-sondes","9":"first","10":"instock","11":"shipping-taxable","12":"product-type-simple"},"_links":{"self":[{"href":"https:\/\/www.climed.tn\/index.php?rest_route=\/wp\/v2\/product\/5255","targetHints":{"allow":["GET"]}}],"collection":[{"href":"https:\/\/www.climed.tn\/index.php?rest_route=\/wp\/v2\/product"}],"about":[{"href":"https:\/\/www.climed.tn\/index.php?rest_route=\/wp\/v2\/types\/product"}],"wp:featuredmedia":[{"embeddable":true,"href":"https:\/\/www.climed.tn\/index.php?rest_route=\/wp\/v2\/media\/5256"}],"wp:attachment":[{"href":"https:\/\/www.climed.tn\/index.php?rest_route=%2Fwp%2Fv2%2Fmedia&parent=5255"}],"wp:term":[{"taxonomy":"product_brand","embeddable":true,"href":"https:\/\/www.climed.tn\/index.php?rest_route=%2Fwp%2Fv2%2Fproduct_brand&post=5255"},{"taxonomy":"product_cat","embeddable":true,"href":"https:\/\/www.climed.tn\/index.php?rest_route=%2Fwp%2Fv2%2Fproduct_cat&post=5255"},{"taxonomy":"product_tag","embeddable":true,"href":"https:\/\/www.climed.tn\/index.php?rest_route=%2Fwp%2Fv2%2Fproduct_tag&post=5255"}],"curies":[{"name":"wp","href":"https:\/\/api.w.org\/{rel}","templated":true}]}}