{"id":5251,"date":"2020-10-21T11:08:06","date_gmt":"2020-10-21T09:08:06","guid":{"rendered":"https:\/\/www.climed.tn\/?post_type=product&#038;p=5251"},"modified":"2020-10-21T12:56:44","modified_gmt":"2020-10-21T10:56:44","slug":"sondes-de-temperature-pt100","status":"publish","type":"product","link":"https:\/\/www.climed.tn\/?product=sondes-de-temperature-pt100","title":{"rendered":"Sondes de temp\u00e9rature Pt100 : Pour Kistock RF classe 310"},"content":{"rendered":"","protected":false},"excerpt":{"rendered":"<p><span>Les sondes de temp\u00e9rature Kimo sont adapt\u00e9es \u00e0 de nombreuses applications diff\u00e9rentes.<\/span><\/p>\n","protected":false},"featured_media":5253,"template":"","meta":[],"product_brand":[],"product_cat":[74,115],"product_tag":[],"class_list":{"0":"post-5251","1":"product","2":"type-product","3":"status-publish","4":"has-post-thumbnail","6":"product_cat-enregistreurs","7":"product_cat-sondes","9":"first","10":"instock","11":"shipping-taxable","12":"product-type-simple"},"_links":{"self":[{"href":"https:\/\/www.climed.tn\/index.php?rest_route=\/wp\/v2\/product\/5251","targetHints":{"allow":["GET"]}}],"collection":[{"href":"https:\/\/www.climed.tn\/index.php?rest_route=\/wp\/v2\/product"}],"about":[{"href":"https:\/\/www.climed.tn\/index.php?rest_route=\/wp\/v2\/types\/product"}],"wp:featuredmedia":[{"embeddable":true,"href":"https:\/\/www.climed.tn\/index.php?rest_route=\/wp\/v2\/media\/5253"}],"wp:attachment":[{"href":"https:\/\/www.climed.tn\/index.php?rest_route=%2Fwp%2Fv2%2Fmedia&parent=5251"}],"wp:term":[{"taxonomy":"product_brand","embeddable":true,"href":"https:\/\/www.climed.tn\/index.php?rest_route=%2Fwp%2Fv2%2Fproduct_brand&post=5251"},{"taxonomy":"product_cat","embeddable":true,"href":"https:\/\/www.climed.tn\/index.php?rest_route=%2Fwp%2Fv2%2Fproduct_cat&post=5251"},{"taxonomy":"product_tag","embeddable":true,"href":"https:\/\/www.climed.tn\/index.php?rest_route=%2Fwp%2Fv2%2Fproduct_tag&post=5251"}],"curies":[{"name":"wp","href":"https:\/\/api.w.org\/{rel}","templated":true}]}}