{"id":5191,"date":"2020-10-20T16:41:30","date_gmt":"2020-10-20T14:41:30","guid":{"rendered":"https:\/\/www.climed.tn\/?post_type=product&#038;p=5191"},"modified":"2020-10-20T16:41:34","modified_gmt":"2020-10-20T14:41:34","slug":"kt-20-g-temperature","status":"publish","type":"product","link":"https:\/\/www.climed.tn\/?product=kt-20-g-temperature","title":{"rendered":"KT 20-G : Temp\u00e9rature"},"content":{"rendered":"<p><span>Encombrement minimal<\/span><br \/>\n<span>D\u00e9chargement rapide des donn\u00e9es<\/span><br \/>\n<span>2 seuils d\u2019alarme<\/span><br \/>\n<span>Grande \u00e9tendue de mesure : -40 \u00e0 +85\u00b0 C<\/span><br \/>\n<span>Jusqu\u2019\u00e0 8192 points d\u2019enregistrement<\/span><\/p>\n","protected":false},"excerpt":{"rendered":"<p><span>Un enregistreur autonome est un appareil \u00e9lectronique qui enregistre des donn\u00e9es dans la dur\u00e9e. Ce type d\u2019instrument est tr\u00e8s utilis\u00e9 dans l\u2019agroalimentaire, l\u2019industrie et les laboratoires pharmaceutiques, afin de surveiller de multiples param\u00e8tres. Le mini enregistreur autonome KT 20 mesure la temp\u00e9rature.<\/span><\/p>\n","protected":false},"featured_media":5188,"template":"","meta":[],"product_brand":[],"product_cat":[74,112],"product_tag":[],"class_list":{"0":"post-5191","1":"product","2":"type-product","3":"status-publish","4":"has-post-thumbnail","6":"product_cat-enregistreurs","7":"product_cat-enregistreurs-autonomes","9":"first","10":"instock","11":"shipping-taxable","12":"product-type-simple"},"_links":{"self":[{"href":"https:\/\/www.climed.tn\/index.php?rest_route=\/wp\/v2\/product\/5191","targetHints":{"allow":["GET"]}}],"collection":[{"href":"https:\/\/www.climed.tn\/index.php?rest_route=\/wp\/v2\/product"}],"about":[{"href":"https:\/\/www.climed.tn\/index.php?rest_route=\/wp\/v2\/types\/product"}],"wp:featuredmedia":[{"embeddable":true,"href":"https:\/\/www.climed.tn\/index.php?rest_route=\/wp\/v2\/media\/5188"}],"wp:attachment":[{"href":"https:\/\/www.climed.tn\/index.php?rest_route=%2Fwp%2Fv2%2Fmedia&parent=5191"}],"wp:term":[{"taxonomy":"product_brand","embeddable":true,"href":"https:\/\/www.climed.tn\/index.php?rest_route=%2Fwp%2Fv2%2Fproduct_brand&post=5191"},{"taxonomy":"product_cat","embeddable":true,"href":"https:\/\/www.climed.tn\/index.php?rest_route=%2Fwp%2Fv2%2Fproduct_cat&post=5191"},{"taxonomy":"product_tag","embeddable":true,"href":"https:\/\/www.climed.tn\/index.php?rest_route=%2Fwp%2Fv2%2Fproduct_tag&post=5191"}],"curies":[{"name":"wp","href":"https:\/\/api.w.org\/{rel}","templated":true}]}}