{"id":5173,"date":"2020-10-20T16:17:19","date_gmt":"2020-10-20T14:17:19","guid":{"rendered":"https:\/\/www.climed.tn\/?post_type=product&#038;p=5173"},"modified":"2020-10-20T16:17:24","modified_gmt":"2020-10-20T14:17:24","slug":"kp-320-pression-differentielle","status":"publish","type":"product","link":"https:\/\/www.climed.tn\/?product=kp-320-pression-differentielle","title":{"rendered":"KP 320 : Pression diff\u00e9rentielle"},"content":{"rendered":"<p><span>Communication Bluetooth\u00ae pour smartphones et tablettes (Android et iOS)<\/span><br \/>\n<span>Livr\u00e9 avec support mural anti-vol avec cadenas<\/span><br \/>\n<span>Grand afficheur LCD 2 lignes<\/span><br \/>\n<span>Grande capacit\u00e9 m\u00e9moire de 2 millions de points<\/span><br \/>\n<span>D\u00e9chargement rapide des donn\u00e9es (18 000 valeurs par seconde)<\/span><br \/>\n<span>Logiciel de base t\u00e9l\u00e9chargeable gratuitement<\/span><\/p>\n","protected":false},"excerpt":{"rendered":"<p><span>Un enregistreur autonome est un appareil \u00e9lectronique qui enregistre des donn\u00e9es dans la dur\u00e9e. Ce type d\u2019instrument est tr\u00e8s utilis\u00e9 dans l\u2019agroalimentaire, l\u2019industrie et les laboratoires pharmaceutiques, afin de surveiller de multiples param\u00e8tres. L\u2019enregistreur autonome de pression diff\u00e9rentielle KP 320 Bluetooth\u00ae, ultra pr\u00e9cis, constitue la solution haute performance optimale pour les applications de pressurisation en environnements critiques. L\u2019enregistreur KP 321 pr\u00e9sente les m\u00eames avantages que le KP 320, tout en offrant une plage de pression diff\u00e9rentielle plus \u00e9tendue de \u00b110 000 Pa.<\/span><\/p>\n","protected":false},"featured_media":5174,"template":"","meta":[],"product_brand":[],"product_cat":[74,112],"product_tag":[],"class_list":{"0":"post-5173","1":"product","2":"type-product","3":"status-publish","4":"has-post-thumbnail","6":"product_cat-enregistreurs","7":"product_cat-enregistreurs-autonomes","9":"first","10":"instock","11":"shipping-taxable","12":"product-type-simple"},"_links":{"self":[{"href":"https:\/\/www.climed.tn\/index.php?rest_route=\/wp\/v2\/product\/5173","targetHints":{"allow":["GET"]}}],"collection":[{"href":"https:\/\/www.climed.tn\/index.php?rest_route=\/wp\/v2\/product"}],"about":[{"href":"https:\/\/www.climed.tn\/index.php?rest_route=\/wp\/v2\/types\/product"}],"wp:featuredmedia":[{"embeddable":true,"href":"https:\/\/www.climed.tn\/index.php?rest_route=\/wp\/v2\/media\/5174"}],"wp:attachment":[{"href":"https:\/\/www.climed.tn\/index.php?rest_route=%2Fwp%2Fv2%2Fmedia&parent=5173"}],"wp:term":[{"taxonomy":"product_brand","embeddable":true,"href":"https:\/\/www.climed.tn\/index.php?rest_route=%2Fwp%2Fv2%2Fproduct_brand&post=5173"},{"taxonomy":"product_cat","embeddable":true,"href":"https:\/\/www.climed.tn\/index.php?rest_route=%2Fwp%2Fv2%2Fproduct_cat&post=5173"},{"taxonomy":"product_tag","embeddable":true,"href":"https:\/\/www.climed.tn\/index.php?rest_route=%2Fwp%2Fv2%2Fproduct_tag&post=5173"}],"curies":[{"name":"wp","href":"https:\/\/api.w.org\/{rel}","templated":true}]}}