{"id":5163,"date":"2020-10-20T16:01:25","date_gmt":"2020-10-20T14:01:25","guid":{"rendered":"https:\/\/www.climed.tn\/?post_type=product&#038;p=5163"},"modified":"2020-10-20T16:01:29","modified_gmt":"2020-10-20T14:01:29","slug":"kt-120-temperature","status":"publish","type":"product","link":"https:\/\/www.climed.tn\/?product=kt-120-temperature","title":{"rendered":"KT 120 : Temp\u00e9rature"},"content":{"rendered":"<p><span>Connecteur USB int\u00e9gr\u00e9<\/span><br \/>\n<span>Certificat d\u2019ajustage int\u00e9gr\u00e9<\/span><br \/>\n<span>Afficheur LCD 1 ligne<\/span><br \/>\n<span>Logiciel int\u00e9gr\u00e9<\/span><br \/>\n<span>Grande capacit\u00e9 m\u00e9moire de 50 000 points<\/span><br \/>\n<span>Bo\u00eetier aimant\u00e9 pour une fixation magn\u00e9tique simple et rapide<\/span><\/p>\n","protected":false},"excerpt":{"rendered":"<p><span>Un enregistreur autonome est un appareil \u00e9lectronique qui enregistre des donn\u00e9es dans la dur\u00e9e. Ce type d\u2019instrument est tr\u00e8s utilis\u00e9 dans l\u2019agroalimentaire, l\u2019industrie et les laboratoires pharmaceutiques, afin de surveiller de multiples param\u00e8tres. L\u2019enregistreur autonome KT 120 USB constitue la solution id\u00e9ale pour surveiller des valeurs de temp\u00e9rature et les extraire facilement via le logiciel embarqu\u00e9 et le connecteur USB int\u00e9gr\u00e9.<\/span><\/p>\n","protected":false},"featured_media":5164,"template":"","meta":[],"product_brand":[],"product_cat":[74,112],"product_tag":[],"class_list":{"0":"post-5163","1":"product","2":"type-product","3":"status-publish","4":"has-post-thumbnail","6":"product_cat-enregistreurs","7":"product_cat-enregistreurs-autonomes","9":"first","10":"instock","11":"shipping-taxable","12":"product-type-simple"},"_links":{"self":[{"href":"https:\/\/www.climed.tn\/index.php?rest_route=\/wp\/v2\/product\/5163","targetHints":{"allow":["GET"]}}],"collection":[{"href":"https:\/\/www.climed.tn\/index.php?rest_route=\/wp\/v2\/product"}],"about":[{"href":"https:\/\/www.climed.tn\/index.php?rest_route=\/wp\/v2\/types\/product"}],"wp:featuredmedia":[{"embeddable":true,"href":"https:\/\/www.climed.tn\/index.php?rest_route=\/wp\/v2\/media\/5164"}],"wp:attachment":[{"href":"https:\/\/www.climed.tn\/index.php?rest_route=%2Fwp%2Fv2%2Fmedia&parent=5163"}],"wp:term":[{"taxonomy":"product_brand","embeddable":true,"href":"https:\/\/www.climed.tn\/index.php?rest_route=%2Fwp%2Fv2%2Fproduct_brand&post=5163"},{"taxonomy":"product_cat","embeddable":true,"href":"https:\/\/www.climed.tn\/index.php?rest_route=%2Fwp%2Fv2%2Fproduct_cat&post=5163"},{"taxonomy":"product_tag","embeddable":true,"href":"https:\/\/www.climed.tn\/index.php?rest_route=%2Fwp%2Fv2%2Fproduct_tag&post=5163"}],"curies":[{"name":"wp","href":"https:\/\/api.w.org\/{rel}","templated":true}]}}