{"id":5149,"date":"2020-10-20T15:24:22","date_gmt":"2020-10-20T13:24:22","guid":{"rendered":"https:\/\/www.climed.tn\/?post_type=product&#038;p=5149"},"modified":"2020-10-20T15:34:20","modified_gmt":"2020-10-20T13:34:20","slug":"ktt-220-temperature","status":"publish","type":"product","link":"https:\/\/www.climed.tn\/?product=ktt-220-temperature","title":{"rendered":"KTT 220 : Temp\u00e9rature"},"content":{"rendered":"<p><span>Entr\u00e9es pour 2 sondes thermocouples<\/span><br \/>\n<span>Bo\u00eetier aimant\u00e9 pour une fixation magn\u00e9tique simple et rapide<\/span><br \/>\n<span>D\u00e9chargement rapide des donn\u00e9es (18 000 valeurs par seconde)<\/span><br \/>\n<span>Grand afficheur 2 lignes clairement lisible<\/span><br \/>\n<span>Grande capacit\u00e9 m\u00e9moire de 1 million de points<\/span><br \/>\n<span>Mode Surveillance permettant d\u2019obtenir un historique d\u00e9taill\u00e9 des d\u00e9fauts constat\u00e9s<\/span><\/p>\n","protected":false},"excerpt":{"rendered":"<p><span>Un enregistreur autonome est un appareil \u00e9lectronique qui enregistre des donn\u00e9es dans la dur\u00e9e. Ce type d\u2019instrument est tr\u00e8s utilis\u00e9 dans l\u2019agroalimentaire, l\u2019industrie et les laboratoires pharmaceutiques, afin de surveiller de multiples param\u00e8tres. Si votre environnement n\u00e9cessite le contr\u00f4le de gammes de temp\u00e9ratures tr\u00e8s \u00e9tendues, l\u2019enregistreur autonome multifonction pour thermocouple KTT 220 est votre meilleur alli\u00e9 avec ses deux entr\u00e9es pour sondes thermocouples.<\/span><\/p>\n","protected":false},"featured_media":5150,"template":"","meta":[],"product_brand":[],"product_cat":[74,112],"product_tag":[],"class_list":{"0":"post-5149","1":"product","2":"type-product","3":"status-publish","4":"has-post-thumbnail","6":"product_cat-enregistreurs","7":"product_cat-enregistreurs-autonomes","9":"first","10":"instock","11":"shipping-taxable","12":"product-type-simple"},"_links":{"self":[{"href":"https:\/\/www.climed.tn\/index.php?rest_route=\/wp\/v2\/product\/5149","targetHints":{"allow":["GET"]}}],"collection":[{"href":"https:\/\/www.climed.tn\/index.php?rest_route=\/wp\/v2\/product"}],"about":[{"href":"https:\/\/www.climed.tn\/index.php?rest_route=\/wp\/v2\/types\/product"}],"wp:featuredmedia":[{"embeddable":true,"href":"https:\/\/www.climed.tn\/index.php?rest_route=\/wp\/v2\/media\/5150"}],"wp:attachment":[{"href":"https:\/\/www.climed.tn\/index.php?rest_route=%2Fwp%2Fv2%2Fmedia&parent=5149"}],"wp:term":[{"taxonomy":"product_brand","embeddable":true,"href":"https:\/\/www.climed.tn\/index.php?rest_route=%2Fwp%2Fv2%2Fproduct_brand&post=5149"},{"taxonomy":"product_cat","embeddable":true,"href":"https:\/\/www.climed.tn\/index.php?rest_route=%2Fwp%2Fv2%2Fproduct_cat&post=5149"},{"taxonomy":"product_tag","embeddable":true,"href":"https:\/\/www.climed.tn\/index.php?rest_route=%2Fwp%2Fv2%2Fproduct_tag&post=5149"}],"curies":[{"name":"wp","href":"https:\/\/api.w.org\/{rel}","templated":true}]}}