{"id":5144,"date":"2020-10-20T15:18:35","date_gmt":"2020-10-20T13:18:35","guid":{"rendered":"https:\/\/www.climed.tn\/?post_type=product&#038;p=5144"},"modified":"2020-10-20T15:18:38","modified_gmt":"2020-10-20T13:18:38","slug":"ktt-320-temperature","status":"publish","type":"product","link":"https:\/\/www.climed.tn\/?product=ktt-320-temperature","title":{"rendered":"KTT 320 : Temp\u00e9rature"},"content":{"rendered":"<p><span>Communication Bluetooth\u00ae pour smartphones et tablettes (Android et iOS)<\/span><br \/>\n<span>4 entr\u00e9es pour sondes thermocouples<\/span><br \/>\n<span>Logiciel de base t\u00e9l\u00e9chargeable gratuitement<\/span><br \/>\n<span>Grande capacit\u00e9 m\u00e9moire de 2 millions de points<\/span><br \/>\n<span>Livr\u00e9 avec support mural anti-vol avec cadenas<\/span><br \/>\n<span>Grand afficheur LCD 2 lignes<\/span><\/p>\n","protected":false},"excerpt":{"rendered":"<p><span>Un enregistreur autonome est un appareil \u00e9lectronique qui enregistre des donn\u00e9es dans la dur\u00e9e. Ce type d\u2019instrument est tr\u00e8s utilis\u00e9 dans l\u2019agroalimentaire, l\u2019industrie et les laboratoires pharmaceutiques, afin de surveiller de multiples param\u00e8tres. Si vous devez \u00e0 la fois communiquer en Bluetooth\u00ae et contr\u00f4ler des gammes de temp\u00e9ratures tr\u00e8s \u00e9tendues, l\u2019enregistreur autonome pour thermocouple KTT 320 Bluetooth\u00ae est la solution id\u00e9ale avec ses quatre entr\u00e9es pour sondes thermocouples.<\/span><\/p>\n","protected":false},"featured_media":5145,"template":"","meta":[],"product_brand":[],"product_cat":[74,112],"product_tag":[],"class_list":{"0":"post-5144","1":"product","2":"type-product","3":"status-publish","4":"has-post-thumbnail","6":"product_cat-enregistreurs","7":"product_cat-enregistreurs-autonomes","9":"first","10":"instock","11":"shipping-taxable","12":"product-type-simple"},"_links":{"self":[{"href":"https:\/\/www.climed.tn\/index.php?rest_route=\/wp\/v2\/product\/5144","targetHints":{"allow":["GET"]}}],"collection":[{"href":"https:\/\/www.climed.tn\/index.php?rest_route=\/wp\/v2\/product"}],"about":[{"href":"https:\/\/www.climed.tn\/index.php?rest_route=\/wp\/v2\/types\/product"}],"wp:featuredmedia":[{"embeddable":true,"href":"https:\/\/www.climed.tn\/index.php?rest_route=\/wp\/v2\/media\/5145"}],"wp:attachment":[{"href":"https:\/\/www.climed.tn\/index.php?rest_route=%2Fwp%2Fv2%2Fmedia&parent=5144"}],"wp:term":[{"taxonomy":"product_brand","embeddable":true,"href":"https:\/\/www.climed.tn\/index.php?rest_route=%2Fwp%2Fv2%2Fproduct_brand&post=5144"},{"taxonomy":"product_cat","embeddable":true,"href":"https:\/\/www.climed.tn\/index.php?rest_route=%2Fwp%2Fv2%2Fproduct_cat&post=5144"},{"taxonomy":"product_tag","embeddable":true,"href":"https:\/\/www.climed.tn\/index.php?rest_route=%2Fwp%2Fv2%2Fproduct_tag&post=5144"}],"curies":[{"name":"wp","href":"https:\/\/api.w.org\/{rel}","templated":true}]}}