{"id":5117,"date":"2020-10-20T14:13:43","date_gmt":"2020-10-20T12:13:43","guid":{"rendered":"https:\/\/www.climed.tn\/?post_type=product&#038;p=5117"},"modified":"2020-10-20T15:29:40","modified_gmt":"2020-10-20T13:29:40","slug":"kh-50-temperature-hygrometrie","status":"publish","type":"product","link":"https:\/\/www.climed.tn\/?product=kh-50-temperature-hygrometrie","title":{"rendered":"KH 50 : Temp\u00e9rature \/ Hygrom\u00e9trie"},"content":{"rendered":"<p><span>Capacit\u00e9 m\u00e9moire de 16 000 points<\/span><br \/>\n<span>Bo\u00eetier aimant\u00e9 pour une fixation magn\u00e9tique simple et rapide<\/span><br \/>\n<span>Logiciel de base t\u00e9l\u00e9chargeable gratuitement<\/span><br \/>\n<span>Mesure de deux param\u00e8tres en simultan\u00e9<\/span><br \/>\n<span>D\u00e9chargement rapide des donn\u00e9es (1000 valeurs par seconde)<\/span><\/p>\n","protected":false},"excerpt":{"rendered":"<p>Un enregistreur autonome est un appareil \u00e9lectronique qui enregistre des donn\u00e9es dans la dur\u00e9e. Ce type d\u2019instrument est tr\u00e8s utilis\u00e9 dans l\u2019agroalimentaire, l\u2019industrie et les laboratoires pharmaceutiques, afin de surveiller de multiples param\u00e8tres.<br \/>\nPour contr\u00f4ler simplement des valeurs de temp\u00e9rature et d\u2019humidit\u00e9, le mini enregistreur autonome de temp\u00e9rature et d\u2019humidit\u00e9 KH 50 est votre meilleur alli\u00e9.<\/p>\n","protected":false},"featured_media":5118,"template":"","meta":[],"product_brand":[],"product_cat":[74,112],"product_tag":[],"class_list":{"0":"post-5117","1":"product","2":"type-product","3":"status-publish","4":"has-post-thumbnail","6":"product_cat-enregistreurs","7":"product_cat-enregistreurs-autonomes","9":"first","10":"instock","11":"shipping-taxable","12":"product-type-simple"},"_links":{"self":[{"href":"https:\/\/www.climed.tn\/index.php?rest_route=\/wp\/v2\/product\/5117","targetHints":{"allow":["GET"]}}],"collection":[{"href":"https:\/\/www.climed.tn\/index.php?rest_route=\/wp\/v2\/product"}],"about":[{"href":"https:\/\/www.climed.tn\/index.php?rest_route=\/wp\/v2\/types\/product"}],"wp:featuredmedia":[{"embeddable":true,"href":"https:\/\/www.climed.tn\/index.php?rest_route=\/wp\/v2\/media\/5118"}],"wp:attachment":[{"href":"https:\/\/www.climed.tn\/index.php?rest_route=%2Fwp%2Fv2%2Fmedia&parent=5117"}],"wp:term":[{"taxonomy":"product_brand","embeddable":true,"href":"https:\/\/www.climed.tn\/index.php?rest_route=%2Fwp%2Fv2%2Fproduct_brand&post=5117"},{"taxonomy":"product_cat","embeddable":true,"href":"https:\/\/www.climed.tn\/index.php?rest_route=%2Fwp%2Fv2%2Fproduct_cat&post=5117"},{"taxonomy":"product_tag","embeddable":true,"href":"https:\/\/www.climed.tn\/index.php?rest_route=%2Fwp%2Fv2%2Fproduct_tag&post=5117"}],"curies":[{"name":"wp","href":"https:\/\/api.w.org\/{rel}","templated":true}]}}