{"id":5111,"date":"2020-10-20T14:04:23","date_gmt":"2020-10-20T12:04:23","guid":{"rendered":"https:\/\/www.climed.tn\/?post_type=product&#038;p=5111"},"modified":"2020-10-20T14:04:32","modified_gmt":"2020-10-20T12:04:32","slug":"kt-320-temperature-hygrometrie-courant-tension-impulsion","status":"publish","type":"product","link":"https:\/\/www.climed.tn\/?product=kt-320-temperature-hygrometrie-courant-tension-impulsion","title":{"rendered":"KT 320 : Temp\u00e9rature \/ Hygrom\u00e9trie \/ Courant \/ Tension \/ Impulsion"},"content":{"rendered":"<div class=\"product__benefit\">\n<div class=\"text\">\n<p><span>Communication Bluetooth\u00ae pour smartphones et tablettes (Android et iOS)<\/span><br \/>\n<span>Livr\u00e9 avec support mural anti-vol avec cadenas<\/span><br \/>\n<span>Grand afficheur 2 lignes clairement lisible<\/span><br \/>\n<span>Grande capacit\u00e9 m\u00e9moire de 2 millions de points<\/span><br \/>\n<span>2 entr\u00e9es pour sondes Smart plug<\/span><br \/>\n<span>Logiciel de base t\u00e9l\u00e9chargeable gratuitement<\/span><\/p>\n<\/div>\n<\/div>\n<div class=\"product__benefit\">\n<div class=\"text\">\n<pre><\/pre>\n<\/div>\n<\/div>\n","protected":false},"excerpt":{"rendered":"<p><span>Un enregistreur autonome est un appareil \u00e9lectronique qui enregistre des donn\u00e9es dans la dur\u00e9e. Ce type d\u2019instrument est tr\u00e8s utilis\u00e9 dans l\u2019agroalimentaire, l\u2019industrie et les laboratoires pharmaceutiques, afin de surveiller de multiples param\u00e8tres. Vous souhaitez un acc\u00e8s rapide aux donn\u00e9es sans pour autant d\u00e9placer l\u2019enregistreur ? L\u2019enregistreur autonome multifonction KT 320 Bluetooth\u00ae communique en Bluetooth\u00ae via l\u2019application Kistock Mobile, qui permet une connexion entre l\u2019enregistreur et un smartphone ou une tablette. Il peut aussi mesurer simultan\u00e9ment jusqu\u2019\u00e0 cinq param\u00e8tres enregistrables.<\/span><\/p>\n","protected":false},"featured_media":5112,"template":"","meta":[],"product_brand":[],"product_cat":[74,112],"product_tag":[],"class_list":{"0":"post-5111","1":"product","2":"type-product","3":"status-publish","4":"has-post-thumbnail","6":"product_cat-enregistreurs","7":"product_cat-enregistreurs-autonomes","9":"first","10":"instock","11":"shipping-taxable","12":"product-type-simple"},"_links":{"self":[{"href":"https:\/\/www.climed.tn\/index.php?rest_route=\/wp\/v2\/product\/5111","targetHints":{"allow":["GET"]}}],"collection":[{"href":"https:\/\/www.climed.tn\/index.php?rest_route=\/wp\/v2\/product"}],"about":[{"href":"https:\/\/www.climed.tn\/index.php?rest_route=\/wp\/v2\/types\/product"}],"wp:featuredmedia":[{"embeddable":true,"href":"https:\/\/www.climed.tn\/index.php?rest_route=\/wp\/v2\/media\/5112"}],"wp:attachment":[{"href":"https:\/\/www.climed.tn\/index.php?rest_route=%2Fwp%2Fv2%2Fmedia&parent=5111"}],"wp:term":[{"taxonomy":"product_brand","embeddable":true,"href":"https:\/\/www.climed.tn\/index.php?rest_route=%2Fwp%2Fv2%2Fproduct_brand&post=5111"},{"taxonomy":"product_cat","embeddable":true,"href":"https:\/\/www.climed.tn\/index.php?rest_route=%2Fwp%2Fv2%2Fproduct_cat&post=5111"},{"taxonomy":"product_tag","embeddable":true,"href":"https:\/\/www.climed.tn\/index.php?rest_route=%2Fwp%2Fv2%2Fproduct_tag&post=5111"}],"curies":[{"name":"wp","href":"https:\/\/api.w.org\/{rel}","templated":true}]}}